{"id":91,"date":"2026-04-27T09:48:06","date_gmt":"2026-04-27T09:48:06","guid":{"rendered":"https:\/\/jadwigajanowska.pl\/?page_id=91"},"modified":"2026-04-27T09:48:06","modified_gmt":"2026-04-27T09:48:06","slug":"o-mnie","status":"publish","type":"page","link":"https:\/\/jadwigajanowska.pl\/?page_id=91","title":{"rendered":"o mnie"},"content":{"rendered":"\n<p>Jadwiga Janowska \u2013 absolwentka studi\u00f3w magisterskich w Instytucie Fotografii Kreatywnej w Opavie. Obecnie pracuje na Wydziale Sztuki na Uniwersytecie Jana D\u0142ugosza w Cz\u0119stochowie. W 2018 roku zdoby\u0142a g\u0142\u00f3wn\u0105 nagrod\u0119 za fotoreporta\u017c w kategorii Young Poland na konkursie Grand Press Photo. Laureatka nagrody imienia Jana Sawki na festiwalu Fama (2021 rok). Druga nagroda w konkursie na Talent Roku organizowanym przez Pix House (2021). Jej prace by\u0142y prezentowane w kraju i za granic\u0105, m.in. w Muzeum \u015al\u0105skim, Galerii Sztuki Wsp\u00f3\u0142czesnej Esta, Rybnickim Festiwalu Fotografii, w K Mag Art Spot, Picture Doc, Pracownia Wschodnia, Les Rencontres de la photographie d&#8217;Arles we Francji, Oslo Negativ w Norwegii,Granze Arsenali Fotografie Verona we W\u0142oszech, Rotterdam Photo i Noorderlicht Photofestival w Holandii,Merlinka Festival w Serbii, czy wystawach grupowych w Meksyku, Stambule czy Belgradzie; publikacje <a href=\"http:\/\/m.in\">m.in<\/a>. w Debuts, Eastreet, Fresh Eyes. Laureatka programu &#8222;Start Up&#8221; kulturalnego CK Viktoria, stypendystka prezydenta miasta Cz\u0119stochowy.\u00a0<\/p>\n","protected":false},"excerpt":{"rendered":"<p>Jadwiga Janowska \u2013 absolwentka studi\u00f3w magisterskich w Instytucie Fotografii Kreatywnej w Opavie. Obecnie pracuje na Wydziale Sztuki na Uniwersytecie Jana D\u0142ugosza w Cz\u0119stochowie. W 2018 roku zdoby\u0142a g\u0142\u00f3wn\u0105 nagrod\u0119 za fotoreporta\u017c w kategorii Young Poland na konkursie Grand Press Photo. Laureatka nagrody imienia Jana Sawki na festiwalu Fama (2021 rok). Druga nagroda w konkursie na [&hellip;]<\/p>\n","protected":false},"author":1,"featured_media":0,"parent":0,"menu_order":0,"comment_status":"closed","ping_status":"closed","template":"w-asny-szablon","meta":{"footnotes":""},"categories":[],"tags":[],"class_list":["post-91","page","type-page","status-publish","hentry"],"_links":{"self":[{"href":"https:\/\/jadwigajanowska.pl\/index.php?rest_route=\/wp\/v2\/pages\/91","targetHints":{"allow":["GET"]}}],"collection":[{"href":"https:\/\/jadwigajanowska.pl\/index.php?rest_route=\/wp\/v2\/pages"}],"about":[{"href":"https:\/\/jadwigajanowska.pl\/index.php?rest_route=\/wp\/v2\/types\/page"}],"author":[{"embeddable":true,"href":"https:\/\/jadwigajanowska.pl\/index.php?rest_route=\/wp\/v2\/users\/1"}],"replies":[{"embeddable":true,"href":"https:\/\/jadwigajanowska.pl\/index.php?rest_route=%2Fwp%2Fv2%2Fcomments&post=91"}],"version-history":[{"count":2,"href":"https:\/\/jadwigajanowska.pl\/index.php?rest_route=\/wp\/v2\/pages\/91\/revisions"}],"predecessor-version":[{"id":264,"href":"https:\/\/jadwigajanowska.pl\/index.php?rest_route=\/wp\/v2\/pages\/91\/revisions\/264"}],"wp:attachment":[{"href":"https:\/\/jadwigajanowska.pl\/index.php?rest_route=%2Fwp%2Fv2%2Fmedia&parent=91"}],"wp:term":[{"taxonomy":"category","embeddable":true,"href":"https:\/\/jadwigajanowska.pl\/index.php?rest_route=%2Fwp%2Fv2%2Fcategories&post=91"},{"taxonomy":"post_tag","embeddable":true,"href":"https:\/\/jadwigajanowska.pl\/index.php?rest_route=%2Fwp%2Fv2%2Ftags&post=91"}],"curies":[{"name":"wp","href":"https:\/\/api.w.org\/{rel}","templated":true}]}}