{"id":106,"date":"2026-04-27T10:06:53","date_gmt":"2026-04-27T10:06:53","guid":{"rendered":"https:\/\/jadwigajanowska.pl\/?page_id=106"},"modified":"2026-04-27T10:06:53","modified_gmt":"2026-04-27T10:06:53","slug":"dam-rade-jak-dorosne","status":"publish","type":"page","link":"https:\/\/jadwigajanowska.pl\/?page_id=106","title":{"rendered":"Dam rad\u0119 jak dorosn\u0119"},"content":{"rendered":"\n<p>Fotografie wykonane w estetyce snapshotowej, nosz\u0105 znamiona notatek z codzienno\u015bci. Tytu\u0142 kieruje nas w stron\u0119 dojrzewania &#8211; m\u0142odej doros\u0142o\u015bci.<\/p>\n\n\n\n<p>Niejednokrotnie w trakcie lat dzieci\u0119cych wyobra\u017cali\u015bmy sobie, jak b\u0119dzie wygl\u0105da\u0142a nasza przysz\u0142o\u015b\u0107, co si\u0119 wydarzy gdy wyfruniemy z rodzinnego gniazda. Te wyobra\u017cenia by\u0142y kolorowe i radosne.&nbsp; My\u015bleli\u015bmy, jako m\u0142odzi buntownicy, \u017ce jedynie co nas ogranicza to rodzina. Zbyt du\u017ca wolno\u015b\u0107 oznacza niesko\u0144czone mo\u017cliwo\u015bci, a wraz z ni\u0105 paradoksalnie pojawia si\u0119 rozczarowanie wyborem w\u0142a\u015bciwej \u015bcie\u017cki.<\/p>\n\n\n\n<figure class=\"wp-block-gallery has-nested-images columns-default is-cropped wp-block-gallery-1 is-layout-flex wp-block-gallery-is-layout-flex\">\n<figure class=\"wp-block-image size-large\"><img loading=\"lazy\" decoding=\"async\" width=\"732\" height=\"1024\" data-id=\"120\" src=\"https:\/\/jadwigajanowska.pl\/wp-content\/uploads\/2026\/04\/janowska_01-732x1024.jpg\" alt=\"\" class=\"wp-image-120\" srcset=\"https:\/\/jadwigajanowska.pl\/wp-content\/uploads\/2026\/04\/janowska_01-732x1024.jpg 732w, https:\/\/jadwigajanowska.pl\/wp-content\/uploads\/2026\/04\/janowska_01-214x300.jpg 214w, https:\/\/jadwigajanowska.pl\/wp-content\/uploads\/2026\/04\/janowska_01-768x1075.jpg 768w, https:\/\/jadwigajanowska.pl\/wp-content\/uploads\/2026\/04\/janowska_01-973x1361.jpg 973w, https:\/\/jadwigajanowska.pl\/wp-content\/uploads\/2026\/04\/janowska_01-508x711.jpg 508w, https:\/\/jadwigajanowska.pl\/wp-content\/uploads\/2026\/04\/janowska_01.jpg 1072w\" sizes=\"auto, (max-width: 732px) 100vw, 732px\" \/><\/figure>\n\n\n\n<figure class=\"wp-block-image size-large\"><img loading=\"lazy\" decoding=\"async\" width=\"717\" height=\"1024\" data-id=\"121\" src=\"https:\/\/jadwigajanowska.pl\/wp-content\/uploads\/2026\/04\/janowska_12-717x1024.jpg\" alt=\"\" class=\"wp-image-121\" srcset=\"https:\/\/jadwigajanowska.pl\/wp-content\/uploads\/2026\/04\/janowska_12-717x1024.jpg 717w, https:\/\/jadwigajanowska.pl\/wp-content\/uploads\/2026\/04\/janowska_12-210x300.jpg 210w, https:\/\/jadwigajanowska.pl\/wp-content\/uploads\/2026\/04\/janowska_12-768x1097.jpg 768w, https:\/\/jadwigajanowska.pl\/wp-content\/uploads\/2026\/04\/janowska_12-973x1390.jpg 973w, https:\/\/jadwigajanowska.pl\/wp-content\/uploads\/2026\/04\/janowska_12-508x726.jpg 508w, https:\/\/jadwigajanowska.pl\/wp-content\/uploads\/2026\/04\/janowska_12.jpg 1050w\" sizes=\"auto, (max-width: 717px) 100vw, 717px\" \/><\/figure>\n\n\n\n<figure class=\"wp-block-image size-large\"><img loading=\"lazy\" decoding=\"async\" width=\"717\" height=\"1024\" data-id=\"112\" src=\"https:\/\/jadwigajanowska.pl\/wp-content\/uploads\/2026\/04\/janowska_07-717x1024.jpg\" alt=\"\" class=\"wp-image-112\" srcset=\"https:\/\/jadwigajanowska.pl\/wp-content\/uploads\/2026\/04\/janowska_07-717x1024.jpg 717w, https:\/\/jadwigajanowska.pl\/wp-content\/uploads\/2026\/04\/janowska_07-210x300.jpg 210w, https:\/\/jadwigajanowska.pl\/wp-content\/uploads\/2026\/04\/janowska_07-768x1097.jpg 768w, https:\/\/jadwigajanowska.pl\/wp-content\/uploads\/2026\/04\/janowska_07-973x1390.jpg 973w, https:\/\/jadwigajanowska.pl\/wp-content\/uploads\/2026\/04\/janowska_07-508x726.jpg 508w, https:\/\/jadwigajanowska.pl\/wp-content\/uploads\/2026\/04\/janowska_07.jpg 1050w\" sizes=\"auto, (max-width: 717px) 100vw, 717px\" \/><\/figure>\n\n\n\n<figure class=\"wp-block-image size-large\"><img loading=\"lazy\" decoding=\"async\" width=\"717\" height=\"1024\" data-id=\"114\" src=\"https:\/\/jadwigajanowska.pl\/wp-content\/uploads\/2026\/04\/janowska_02-717x1024.jpg\" alt=\"\" class=\"wp-image-114\" srcset=\"https:\/\/jadwigajanowska.pl\/wp-content\/uploads\/2026\/04\/janowska_02-717x1024.jpg 717w, https:\/\/jadwigajanowska.pl\/wp-content\/uploads\/2026\/04\/janowska_02-210x300.jpg 210w, https:\/\/jadwigajanowska.pl\/wp-content\/uploads\/2026\/04\/janowska_02-768x1097.jpg 768w, https:\/\/jadwigajanowska.pl\/wp-content\/uploads\/2026\/04\/janowska_02-973x1390.jpg 973w, https:\/\/jadwigajanowska.pl\/wp-content\/uploads\/2026\/04\/janowska_02-508x726.jpg 508w, https:\/\/jadwigajanowska.pl\/wp-content\/uploads\/2026\/04\/janowska_02.jpg 1050w\" sizes=\"auto, (max-width: 717px) 100vw, 717px\" \/><\/figure>\n\n\n\n<figure class=\"wp-block-image size-large\"><img loading=\"lazy\" decoding=\"async\" width=\"683\" height=\"1024\" data-id=\"118\" src=\"https:\/\/jadwigajanowska.pl\/wp-content\/uploads\/2026\/04\/janowska_15-683x1024.jpg\" alt=\"\" class=\"wp-image-118\" srcset=\"https:\/\/jadwigajanowska.pl\/wp-content\/uploads\/2026\/04\/janowska_15-683x1024.jpg 683w, https:\/\/jadwigajanowska.pl\/wp-content\/uploads\/2026\/04\/janowska_15-200x300.jpg 200w, https:\/\/jadwigajanowska.pl\/wp-content\/uploads\/2026\/04\/janowska_15-768x1152.jpg 768w, https:\/\/jadwigajanowska.pl\/wp-content\/uploads\/2026\/04\/janowska_15-973x1460.jpg 973w, https:\/\/jadwigajanowska.pl\/wp-content\/uploads\/2026\/04\/janowska_15-508x762.jpg 508w, https:\/\/jadwigajanowska.pl\/wp-content\/uploads\/2026\/04\/janowska_15.jpg 1000w\" sizes=\"auto, (max-width: 683px) 100vw, 683px\" \/><\/figure>\n\n\n\n<figure class=\"wp-block-image size-large\"><img loading=\"lazy\" decoding=\"async\" width=\"1024\" height=\"692\" data-id=\"115\" src=\"https:\/\/jadwigajanowska.pl\/wp-content\/uploads\/2026\/04\/janowska_05-1024x692.jpg\" alt=\"\" class=\"wp-image-115\" srcset=\"https:\/\/jadwigajanowska.pl\/wp-content\/uploads\/2026\/04\/janowska_05-1024x692.jpg 1024w, https:\/\/jadwigajanowska.pl\/wp-content\/uploads\/2026\/04\/janowska_05-300x203.jpg 300w, https:\/\/jadwigajanowska.pl\/wp-content\/uploads\/2026\/04\/janowska_05-768x519.jpg 768w, https:\/\/jadwigajanowska.pl\/wp-content\/uploads\/2026\/04\/janowska_05-973x657.jpg 973w, https:\/\/jadwigajanowska.pl\/wp-content\/uploads\/2026\/04\/janowska_05-508x343.jpg 508w, https:\/\/jadwigajanowska.pl\/wp-content\/uploads\/2026\/04\/janowska_05.jpg 1500w\" sizes=\"auto, (max-width: 1024px) 100vw, 1024px\" \/><\/figure>\n\n\n\n<figure class=\"wp-block-image size-large\"><img loading=\"lazy\" decoding=\"async\" width=\"768\" height=\"1024\" data-id=\"111\" src=\"https:\/\/jadwigajanowska.pl\/wp-content\/uploads\/2026\/04\/janowska_11-768x1024.jpg\" alt=\"\" class=\"wp-image-111\" srcset=\"https:\/\/jadwigajanowska.pl\/wp-content\/uploads\/2026\/04\/janowska_11-768x1024.jpg 768w, https:\/\/jadwigajanowska.pl\/wp-content\/uploads\/2026\/04\/janowska_11-225x300.jpg 225w, https:\/\/jadwigajanowska.pl\/wp-content\/uploads\/2026\/04\/janowska_11-973x1297.jpg 973w, https:\/\/jadwigajanowska.pl\/wp-content\/uploads\/2026\/04\/janowska_11-508x677.jpg 508w, https:\/\/jadwigajanowska.pl\/wp-content\/uploads\/2026\/04\/janowska_11.jpg 1125w\" sizes=\"auto, (max-width: 768px) 100vw, 768px\" \/><\/figure>\n\n\n\n<figure class=\"wp-block-image size-large\"><img loading=\"lazy\" decoding=\"async\" width=\"683\" height=\"1024\" data-id=\"113\" src=\"https:\/\/jadwigajanowska.pl\/wp-content\/uploads\/2026\/04\/janowska_03-683x1024.jpg\" alt=\"\" class=\"wp-image-113\" srcset=\"https:\/\/jadwigajanowska.pl\/wp-content\/uploads\/2026\/04\/janowska_03-683x1024.jpg 683w, https:\/\/jadwigajanowska.pl\/wp-content\/uploads\/2026\/04\/janowska_03-200x300.jpg 200w, https:\/\/jadwigajanowska.pl\/wp-content\/uploads\/2026\/04\/janowska_03-768x1152.jpg 768w, https:\/\/jadwigajanowska.pl\/wp-content\/uploads\/2026\/04\/janowska_03-973x1460.jpg 973w, https:\/\/jadwigajanowska.pl\/wp-content\/uploads\/2026\/04\/janowska_03-508x762.jpg 508w, https:\/\/jadwigajanowska.pl\/wp-content\/uploads\/2026\/04\/janowska_03.jpg 1000w\" sizes=\"auto, (max-width: 683px) 100vw, 683px\" \/><\/figure>\n\n\n\n<figure class=\"wp-block-image size-large\"><img loading=\"lazy\" decoding=\"async\" width=\"768\" height=\"1024\" data-id=\"116\" src=\"https:\/\/jadwigajanowska.pl\/wp-content\/uploads\/2026\/04\/janowska_10-768x1024.jpg\" alt=\"\" class=\"wp-image-116\" srcset=\"https:\/\/jadwigajanowska.pl\/wp-content\/uploads\/2026\/04\/janowska_10-768x1024.jpg 768w, https:\/\/jadwigajanowska.pl\/wp-content\/uploads\/2026\/04\/janowska_10-225x300.jpg 225w, https:\/\/jadwigajanowska.pl\/wp-content\/uploads\/2026\/04\/janowska_10-973x1297.jpg 973w, https:\/\/jadwigajanowska.pl\/wp-content\/uploads\/2026\/04\/janowska_10-508x677.jpg 508w, https:\/\/jadwigajanowska.pl\/wp-content\/uploads\/2026\/04\/janowska_10.jpg 1125w\" sizes=\"auto, (max-width: 768px) 100vw, 768px\" \/><\/figure>\n\n\n\n<figure class=\"wp-block-image size-large\"><img loading=\"lazy\" decoding=\"async\" width=\"683\" height=\"1024\" data-id=\"108\" src=\"https:\/\/jadwigajanowska.pl\/wp-content\/uploads\/2026\/04\/janowska_08-683x1024.jpg\" alt=\"\" class=\"wp-image-108\" srcset=\"https:\/\/jadwigajanowska.pl\/wp-content\/uploads\/2026\/04\/janowska_08-683x1024.jpg 683w, https:\/\/jadwigajanowska.pl\/wp-content\/uploads\/2026\/04\/janowska_08-200x300.jpg 200w, https:\/\/jadwigajanowska.pl\/wp-content\/uploads\/2026\/04\/janowska_08-768x1152.jpg 768w, https:\/\/jadwigajanowska.pl\/wp-content\/uploads\/2026\/04\/janowska_08-973x1460.jpg 973w, https:\/\/jadwigajanowska.pl\/wp-content\/uploads\/2026\/04\/janowska_08-508x762.jpg 508w, https:\/\/jadwigajanowska.pl\/wp-content\/uploads\/2026\/04\/janowska_08.jpg 1000w\" sizes=\"auto, (max-width: 683px) 100vw, 683px\" \/><\/figure>\n\n\n\n<figure class=\"wp-block-image size-large\"><img loading=\"lazy\" decoding=\"async\" width=\"692\" height=\"1024\" data-id=\"119\" src=\"https:\/\/jadwigajanowska.pl\/wp-content\/uploads\/2026\/04\/janowska_04-692x1024.jpg\" alt=\"\" class=\"wp-image-119\" srcset=\"https:\/\/jadwigajanowska.pl\/wp-content\/uploads\/2026\/04\/janowska_04-692x1024.jpg 692w, https:\/\/jadwigajanowska.pl\/wp-content\/uploads\/2026\/04\/janowska_04-203x300.jpg 203w, https:\/\/jadwigajanowska.pl\/wp-content\/uploads\/2026\/04\/janowska_04-768x1136.jpg 768w, https:\/\/jadwigajanowska.pl\/wp-content\/uploads\/2026\/04\/janowska_04-973x1439.jpg 973w, https:\/\/jadwigajanowska.pl\/wp-content\/uploads\/2026\/04\/janowska_04-508x751.jpg 508w, https:\/\/jadwigajanowska.pl\/wp-content\/uploads\/2026\/04\/janowska_04.jpg 1014w\" sizes=\"auto, (max-width: 692px) 100vw, 692px\" \/><\/figure>\n\n\n\n<figure class=\"wp-block-image size-large\"><img loading=\"lazy\" decoding=\"async\" width=\"768\" height=\"1024\" data-id=\"117\" src=\"https:\/\/jadwigajanowska.pl\/wp-content\/uploads\/2026\/04\/janowska_14-768x1024.jpg\" alt=\"\" class=\"wp-image-117\" srcset=\"https:\/\/jadwigajanowska.pl\/wp-content\/uploads\/2026\/04\/janowska_14-768x1024.jpg 768w, https:\/\/jadwigajanowska.pl\/wp-content\/uploads\/2026\/04\/janowska_14-225x300.jpg 225w, https:\/\/jadwigajanowska.pl\/wp-content\/uploads\/2026\/04\/janowska_14-973x1297.jpg 973w, https:\/\/jadwigajanowska.pl\/wp-content\/uploads\/2026\/04\/janowska_14-508x677.jpg 508w, https:\/\/jadwigajanowska.pl\/wp-content\/uploads\/2026\/04\/janowska_14.jpg 1125w\" sizes=\"auto, (max-width: 768px) 100vw, 768px\" \/><\/figure>\n\n\n\n<figure class=\"wp-block-image size-large\"><img loading=\"lazy\" decoding=\"async\" width=\"739\" height=\"1024\" data-id=\"107\" src=\"https:\/\/jadwigajanowska.pl\/wp-content\/uploads\/2026\/04\/janowska_09-739x1024.jpg\" alt=\"\" class=\"wp-image-107\" srcset=\"https:\/\/jadwigajanowska.pl\/wp-content\/uploads\/2026\/04\/janowska_09-739x1024.jpg 739w, https:\/\/jadwigajanowska.pl\/wp-content\/uploads\/2026\/04\/janowska_09-217x300.jpg 217w, https:\/\/jadwigajanowska.pl\/wp-content\/uploads\/2026\/04\/janowska_09-768x1064.jpg 768w, https:\/\/jadwigajanowska.pl\/wp-content\/uploads\/2026\/04\/janowska_09-973x1348.jpg 973w, https:\/\/jadwigajanowska.pl\/wp-content\/uploads\/2026\/04\/janowska_09-508x704.jpg 508w, https:\/\/jadwigajanowska.pl\/wp-content\/uploads\/2026\/04\/janowska_09.jpg 1083w\" sizes=\"auto, (max-width: 739px) 100vw, 739px\" \/><\/figure>\n\n\n\n<figure class=\"wp-block-image size-large\"><img loading=\"lazy\" decoding=\"async\" width=\"1024\" height=\"683\" data-id=\"110\" src=\"https:\/\/jadwigajanowska.pl\/wp-content\/uploads\/2026\/04\/janowska_13-1024x683.jpg\" alt=\"\" class=\"wp-image-110\" srcset=\"https:\/\/jadwigajanowska.pl\/wp-content\/uploads\/2026\/04\/janowska_13-1024x683.jpg 1024w, https:\/\/jadwigajanowska.pl\/wp-content\/uploads\/2026\/04\/janowska_13-300x200.jpg 300w, https:\/\/jadwigajanowska.pl\/wp-content\/uploads\/2026\/04\/janowska_13-768x513.jpg 768w, https:\/\/jadwigajanowska.pl\/wp-content\/uploads\/2026\/04\/janowska_13-973x649.jpg 973w, https:\/\/jadwigajanowska.pl\/wp-content\/uploads\/2026\/04\/janowska_13-508x339.jpg 508w, https:\/\/jadwigajanowska.pl\/wp-content\/uploads\/2026\/04\/janowska_13.jpg 1500w\" sizes=\"auto, (max-width: 1024px) 100vw, 1024px\" \/><\/figure>\n\n\n\n<figure class=\"wp-block-image size-large\"><img loading=\"lazy\" decoding=\"async\" width=\"717\" height=\"1024\" data-id=\"109\" src=\"https:\/\/jadwigajanowska.pl\/wp-content\/uploads\/2026\/04\/janowska_06-717x1024.jpg\" alt=\"\" class=\"wp-image-109\" srcset=\"https:\/\/jadwigajanowska.pl\/wp-content\/uploads\/2026\/04\/janowska_06-717x1024.jpg 717w, https:\/\/jadwigajanowska.pl\/wp-content\/uploads\/2026\/04\/janowska_06-210x300.jpg 210w, https:\/\/jadwigajanowska.pl\/wp-content\/uploads\/2026\/04\/janowska_06-768x1097.jpg 768w, https:\/\/jadwigajanowska.pl\/wp-content\/uploads\/2026\/04\/janowska_06-973x1390.jpg 973w, https:\/\/jadwigajanowska.pl\/wp-content\/uploads\/2026\/04\/janowska_06-508x726.jpg 508w, https:\/\/jadwigajanowska.pl\/wp-content\/uploads\/2026\/04\/janowska_06.jpg 1050w\" sizes=\"auto, (max-width: 717px) 100vw, 717px\" \/><\/figure>\n<\/figure>\n","protected":false},"excerpt":{"rendered":"<p>Fotografie wykonane w estetyce snapshotowej, nosz\u0105 znamiona notatek z codzienno\u015bci. Tytu\u0142 kieruje nas w stron\u0119 dojrzewania &#8211; m\u0142odej doros\u0142o\u015bci. Niejednokrotnie w trakcie lat dzieci\u0119cych wyobra\u017cali\u015bmy sobie, jak b\u0119dzie wygl\u0105da\u0142a nasza przysz\u0142o\u015b\u0107, co si\u0119 wydarzy gdy wyfruniemy z rodzinnego gniazda. Te wyobra\u017cenia by\u0142y kolorowe i radosne.&nbsp; My\u015bleli\u015bmy, jako m\u0142odzi buntownicy, \u017ce jedynie co nas ogranicza to [&hellip;]<\/p>\n","protected":false},"author":1,"featured_media":0,"parent":0,"menu_order":0,"comment_status":"closed","ping_status":"closed","template":"","meta":{"footnotes":""},"categories":[],"tags":[],"class_list":["post-106","page","type-page","status-publish","hentry"],"_links":{"self":[{"href":"https:\/\/jadwigajanowska.pl\/index.php?rest_route=\/wp\/v2\/pages\/106","targetHints":{"allow":["GET"]}}],"collection":[{"href":"https:\/\/jadwigajanowska.pl\/index.php?rest_route=\/wp\/v2\/pages"}],"about":[{"href":"https:\/\/jadwigajanowska.pl\/index.php?rest_route=\/wp\/v2\/types\/page"}],"author":[{"embeddable":true,"href":"https:\/\/jadwigajanowska.pl\/index.php?rest_route=\/wp\/v2\/users\/1"}],"replies":[{"embeddable":true,"href":"https:\/\/jadwigajanowska.pl\/index.php?rest_route=%2Fwp%2Fv2%2Fcomments&post=106"}],"version-history":[{"count":1,"href":"https:\/\/jadwigajanowska.pl\/index.php?rest_route=\/wp\/v2\/pages\/106\/revisions"}],"predecessor-version":[{"id":122,"href":"https:\/\/jadwigajanowska.pl\/index.php?rest_route=\/wp\/v2\/pages\/106\/revisions\/122"}],"wp:attachment":[{"href":"https:\/\/jadwigajanowska.pl\/index.php?rest_route=%2Fwp%2Fv2%2Fmedia&parent=106"}],"wp:term":[{"taxonomy":"category","embeddable":true,"href":"https:\/\/jadwigajanowska.pl\/index.php?rest_route=%2Fwp%2Fv2%2Fcategories&post=106"},{"taxonomy":"post_tag","embeddable":true,"href":"https:\/\/jadwigajanowska.pl\/index.php?rest_route=%2Fwp%2Fv2%2Ftags&post=106"}],"curies":[{"name":"wp","href":"https:\/\/api.w.org\/{rel}","templated":true}]}}