{"id":104,"date":"2026-04-27T10:05:22","date_gmt":"2026-04-27T10:05:22","guid":{"rendered":"https:\/\/jadwigajanowska.pl\/?page_id=104"},"modified":"2026-04-27T10:05:22","modified_gmt":"2026-04-27T10:05:22","slug":"zielony-uspokaja","status":"publish","type":"page","link":"https:\/\/jadwigajanowska.pl\/?page_id=104","title":{"rendered":"Zielony uspokaja"},"content":{"rendered":"\n<p>Puste, dzikie tereny, ma\u0142e wyspy zieleni w miastach i na obrze\u017cach znikaj\u0105. W tych miejscach pojawiaj\u0105 si\u0119 zabudowania, cz\u0119sto s\u0105 to sklepy i wielkopowierzchniowe obiekty handlowe. Proponowany projekt to wizualna opowie\u015b\u0107 o znikaj\u0105cej przestrzeni oraz wprowadzanej do nich ro\u015blinno\u015bci, poniewa\u017c \u201ezielony uspokaja\u201d.<\/p>\n\n\n\n<p>Sam tytu\u0142 odnosi nas do barwy zielonej, kt\u00f3ra kojarzy si\u0119 z ro\u015blinno\u015bci\u0105, a zgodnie z hipotez\u0105 biofilii ludzie maj\u0105 sk\u0142onno\u015b\u0107 do czucia harmonii z przyrod\u0105. Cz\u0142owiek maj\u0105cy kontakt z natur\u0105 odczuwa mniej stresu, szybciej odzyskuje wewn\u0119trzy spok\u00f3j ale tak\u017ce zdrowie. Zielony, je\u015bli u\u017cyjemy tego s\u0142owa do okre\u015blenia kogo\u015b lub czego\u015b b\u0119dzie oznacza\u0107 niedojrza\u0142ego, niedo\u015bwiadczonego lub niemaj\u0105cego wiedzy na jaki\u015b temat.&nbsp;<\/p>\n\n\n\n<p>Fotografie do cyklu zacz\u0119\u0142y powstawa\u0107 od 2023 roku i s\u0105 rezultatem wcze\u015bniejszych moich rozwa\u017ca\u0144 oraz obserwacji. Aktualno\u015b\u0107 podj\u0119tego tematu wybrzmiewa w kontek\u015bcie kryzysu klimatycznego i wpisuje si\u0119 w nurt sztuki \u015brodowiskowej i zaanga\u017cowanej. Przez podj\u0119te zagadnienie oraz spos\u00f3b fotografowania, projekt ten jest bliski paradygmatu prac tworzonych w duchu nowej topografii. Fotografie nie pokazuj\u0105ce bressonowskiego decyduj\u0105cego momentu, nie wabi\u0105 odbiorcy przesadn\u0105 estetyk\u0105, cechuje je za to analityczno\u015b\u0107 obserwacji zachodz\u0105cych zmian w przestrzeni.&nbsp;<\/p>\n\n\n\n<figure class=\"wp-block-gallery has-nested-images columns-default is-cropped wp-block-gallery-1 is-layout-flex wp-block-gallery-is-layout-flex\">\n<figure class=\"wp-block-image size-large\"><img loading=\"lazy\" decoding=\"async\" width=\"1024\" height=\"731\" data-id=\"52\" src=\"https:\/\/jadwigajanowska.pl\/wp-content\/uploads\/2026\/04\/Dzuuop11-1024x731.jpg\" alt=\"\" class=\"wp-image-52\" srcset=\"https:\/\/jadwigajanowska.pl\/wp-content\/uploads\/2026\/04\/Dzuuop11-1024x731.jpg 1024w, https:\/\/jadwigajanowska.pl\/wp-content\/uploads\/2026\/04\/Dzuuop11-300x214.jpg 300w, https:\/\/jadwigajanowska.pl\/wp-content\/uploads\/2026\/04\/Dzuuop11-768x548.jpg 768w, https:\/\/jadwigajanowska.pl\/wp-content\/uploads\/2026\/04\/Dzuuop11.jpg 1500w\" sizes=\"auto, (max-width: 1024px) 100vw, 1024px\" \/><\/figure>\n\n\n\n<figure class=\"wp-block-image size-large\"><img loading=\"lazy\" decoding=\"async\" width=\"1024\" height=\"731\" data-id=\"47\" src=\"https:\/\/jadwigajanowska.pl\/wp-content\/uploads\/2026\/04\/Dzuuop18-1024x731.jpg\" alt=\"\" class=\"wp-image-47\" srcset=\"https:\/\/jadwigajanowska.pl\/wp-content\/uploads\/2026\/04\/Dzuuop18-1024x731.jpg 1024w, https:\/\/jadwigajanowska.pl\/wp-content\/uploads\/2026\/04\/Dzuuop18-300x214.jpg 300w, https:\/\/jadwigajanowska.pl\/wp-content\/uploads\/2026\/04\/Dzuuop18-768x548.jpg 768w, https:\/\/jadwigajanowska.pl\/wp-content\/uploads\/2026\/04\/Dzuuop18.jpg 1500w\" sizes=\"auto, (max-width: 1024px) 100vw, 1024px\" \/><\/figure>\n\n\n\n<figure class=\"wp-block-image size-large\"><img loading=\"lazy\" decoding=\"async\" width=\"1024\" height=\"731\" data-id=\"63\" src=\"https:\/\/jadwigajanowska.pl\/wp-content\/uploads\/2026\/04\/Dzuuop22-1024x731.jpg\" alt=\"\" class=\"wp-image-63\" srcset=\"https:\/\/jadwigajanowska.pl\/wp-content\/uploads\/2026\/04\/Dzuuop22-1024x731.jpg 1024w, https:\/\/jadwigajanowska.pl\/wp-content\/uploads\/2026\/04\/Dzuuop22-300x214.jpg 300w, https:\/\/jadwigajanowska.pl\/wp-content\/uploads\/2026\/04\/Dzuuop22-768x548.jpg 768w, https:\/\/jadwigajanowska.pl\/wp-content\/uploads\/2026\/04\/Dzuuop22.jpg 1500w\" sizes=\"auto, (max-width: 1024px) 100vw, 1024px\" \/><\/figure>\n\n\n\n<figure class=\"wp-block-image size-large\"><img loading=\"lazy\" decoding=\"async\" width=\"1024\" height=\"731\" data-id=\"69\" src=\"https:\/\/jadwigajanowska.pl\/wp-content\/uploads\/2026\/04\/janowska_green_calms_007-1024x731.jpg\" alt=\"\" class=\"wp-image-69\" srcset=\"https:\/\/jadwigajanowska.pl\/wp-content\/uploads\/2026\/04\/janowska_green_calms_007-1024x731.jpg 1024w, https:\/\/jadwigajanowska.pl\/wp-content\/uploads\/2026\/04\/janowska_green_calms_007-300x214.jpg 300w, https:\/\/jadwigajanowska.pl\/wp-content\/uploads\/2026\/04\/janowska_green_calms_007-768x548.jpg 768w, https:\/\/jadwigajanowska.pl\/wp-content\/uploads\/2026\/04\/janowska_green_calms_007.jpg 1500w\" sizes=\"auto, (max-width: 1024px) 100vw, 1024px\" \/><\/figure>\n\n\n\n<figure class=\"wp-block-image size-large\"><img loading=\"lazy\" decoding=\"async\" width=\"1024\" height=\"731\" data-id=\"56\" src=\"https:\/\/jadwigajanowska.pl\/wp-content\/uploads\/2026\/04\/Dzuuop15-1024x731.jpg\" alt=\"\" class=\"wp-image-56\" srcset=\"https:\/\/jadwigajanowska.pl\/wp-content\/uploads\/2026\/04\/Dzuuop15-1024x731.jpg 1024w, https:\/\/jadwigajanowska.pl\/wp-content\/uploads\/2026\/04\/Dzuuop15-300x214.jpg 300w, https:\/\/jadwigajanowska.pl\/wp-content\/uploads\/2026\/04\/Dzuuop15-768x548.jpg 768w, https:\/\/jadwigajanowska.pl\/wp-content\/uploads\/2026\/04\/Dzuuop15.jpg 1500w\" sizes=\"auto, (max-width: 1024px) 100vw, 1024px\" \/><\/figure>\n\n\n\n<figure class=\"wp-block-image size-large\"><img loading=\"lazy\" decoding=\"async\" width=\"1024\" height=\"731\" data-id=\"57\" src=\"https:\/\/jadwigajanowska.pl\/wp-content\/uploads\/2026\/04\/janowska_green_calms_003-1024x731.jpg\" alt=\"\" class=\"wp-image-57\" srcset=\"https:\/\/jadwigajanowska.pl\/wp-content\/uploads\/2026\/04\/janowska_green_calms_003-1024x731.jpg 1024w, https:\/\/jadwigajanowska.pl\/wp-content\/uploads\/2026\/04\/janowska_green_calms_003-300x214.jpg 300w, https:\/\/jadwigajanowska.pl\/wp-content\/uploads\/2026\/04\/janowska_green_calms_003-768x548.jpg 768w, https:\/\/jadwigajanowska.pl\/wp-content\/uploads\/2026\/04\/janowska_green_calms_003.jpg 1500w\" sizes=\"auto, (max-width: 1024px) 100vw, 1024px\" \/><\/figure>\n\n\n\n<figure class=\"wp-block-image size-large\"><img loading=\"lazy\" decoding=\"async\" width=\"1024\" height=\"731\" data-id=\"49\" src=\"https:\/\/jadwigajanowska.pl\/wp-content\/uploads\/2026\/04\/janowska_green_calms_008-1024x731.jpg\" alt=\"\" class=\"wp-image-49\" srcset=\"https:\/\/jadwigajanowska.pl\/wp-content\/uploads\/2026\/04\/janowska_green_calms_008-1024x731.jpg 1024w, https:\/\/jadwigajanowska.pl\/wp-content\/uploads\/2026\/04\/janowska_green_calms_008-300x214.jpg 300w, https:\/\/jadwigajanowska.pl\/wp-content\/uploads\/2026\/04\/janowska_green_calms_008-768x548.jpg 768w, https:\/\/jadwigajanowska.pl\/wp-content\/uploads\/2026\/04\/janowska_green_calms_008.jpg 1500w\" sizes=\"auto, (max-width: 1024px) 100vw, 1024px\" \/><\/figure>\n\n\n\n<figure class=\"wp-block-image size-large\"><img loading=\"lazy\" decoding=\"async\" width=\"1024\" height=\"732\" data-id=\"66\" src=\"https:\/\/jadwigajanowska.pl\/wp-content\/uploads\/2026\/04\/janowska_green_calms_004-1024x732.jpg\" alt=\"\" class=\"wp-image-66\" srcset=\"https:\/\/jadwigajanowska.pl\/wp-content\/uploads\/2026\/04\/janowska_green_calms_004-1024x732.jpg 1024w, https:\/\/jadwigajanowska.pl\/wp-content\/uploads\/2026\/04\/janowska_green_calms_004-300x214.jpg 300w, https:\/\/jadwigajanowska.pl\/wp-content\/uploads\/2026\/04\/janowska_green_calms_004-768x549.jpg 768w, https:\/\/jadwigajanowska.pl\/wp-content\/uploads\/2026\/04\/janowska_green_calms_004.jpg 1500w\" sizes=\"auto, (max-width: 1024px) 100vw, 1024px\" \/><\/figure>\n\n\n\n<figure class=\"wp-block-image size-large\"><img loading=\"lazy\" decoding=\"async\" width=\"1024\" height=\"731\" data-id=\"73\" src=\"https:\/\/jadwigajanowska.pl\/wp-content\/uploads\/2026\/04\/janowska_green_calms_001-1024x731.jpg\" alt=\"\" class=\"wp-image-73\" srcset=\"https:\/\/jadwigajanowska.pl\/wp-content\/uploads\/2026\/04\/janowska_green_calms_001-1024x731.jpg 1024w, https:\/\/jadwigajanowska.pl\/wp-content\/uploads\/2026\/04\/janowska_green_calms_001-300x214.jpg 300w, https:\/\/jadwigajanowska.pl\/wp-content\/uploads\/2026\/04\/janowska_green_calms_001-768x548.jpg 768w, https:\/\/jadwigajanowska.pl\/wp-content\/uploads\/2026\/04\/janowska_green_calms_001.jpg 1500w\" sizes=\"auto, (max-width: 1024px) 100vw, 1024px\" \/><\/figure>\n\n\n\n<figure class=\"wp-block-image size-large\"><img loading=\"lazy\" decoding=\"async\" width=\"1024\" height=\"731\" data-id=\"58\" src=\"https:\/\/jadwigajanowska.pl\/wp-content\/uploads\/2026\/04\/janowska_green_calms_006-1024x731.jpg\" alt=\"\" class=\"wp-image-58\" srcset=\"https:\/\/jadwigajanowska.pl\/wp-content\/uploads\/2026\/04\/janowska_green_calms_006-1024x731.jpg 1024w, https:\/\/jadwigajanowska.pl\/wp-content\/uploads\/2026\/04\/janowska_green_calms_006-300x214.jpg 300w, https:\/\/jadwigajanowska.pl\/wp-content\/uploads\/2026\/04\/janowska_green_calms_006-768x548.jpg 768w, https:\/\/jadwigajanowska.pl\/wp-content\/uploads\/2026\/04\/janowska_green_calms_006.jpg 1500w\" sizes=\"auto, (max-width: 1024px) 100vw, 1024px\" \/><\/figure>\n\n\n\n<figure class=\"wp-block-image size-large\"><img loading=\"lazy\" decoding=\"async\" width=\"1024\" height=\"731\" data-id=\"64\" src=\"https:\/\/jadwigajanowska.pl\/wp-content\/uploads\/2026\/04\/janowska_green_calms_009-1024x731.jpg\" alt=\"\" class=\"wp-image-64\" srcset=\"https:\/\/jadwigajanowska.pl\/wp-content\/uploads\/2026\/04\/janowska_green_calms_009-1024x731.jpg 1024w, https:\/\/jadwigajanowska.pl\/wp-content\/uploads\/2026\/04\/janowska_green_calms_009-300x214.jpg 300w, https:\/\/jadwigajanowska.pl\/wp-content\/uploads\/2026\/04\/janowska_green_calms_009-768x548.jpg 768w, https:\/\/jadwigajanowska.pl\/wp-content\/uploads\/2026\/04\/janowska_green_calms_009.jpg 1500w\" sizes=\"auto, (max-width: 1024px) 100vw, 1024px\" \/><\/figure>\n\n\n\n<figure class=\"wp-block-image size-large\"><img loading=\"lazy\" decoding=\"async\" width=\"1024\" height=\"731\" data-id=\"68\" src=\"https:\/\/jadwigajanowska.pl\/wp-content\/uploads\/2026\/04\/Dzuuop12-1024x731.jpg\" alt=\"\" class=\"wp-image-68\" srcset=\"https:\/\/jadwigajanowska.pl\/wp-content\/uploads\/2026\/04\/Dzuuop12-1024x731.jpg 1024w, https:\/\/jadwigajanowska.pl\/wp-content\/uploads\/2026\/04\/Dzuuop12-300x214.jpg 300w, https:\/\/jadwigajanowska.pl\/wp-content\/uploads\/2026\/04\/Dzuuop12-768x548.jpg 768w, https:\/\/jadwigajanowska.pl\/wp-content\/uploads\/2026\/04\/Dzuuop12.jpg 1500w\" sizes=\"auto, (max-width: 1024px) 100vw, 1024px\" \/><\/figure>\n\n\n\n<figure class=\"wp-block-image size-large\"><img loading=\"lazy\" decoding=\"async\" width=\"1024\" height=\"731\" data-id=\"72\" src=\"https:\/\/jadwigajanowska.pl\/wp-content\/uploads\/2026\/04\/janowska_green_calms_010-1024x731.jpg\" alt=\"\" class=\"wp-image-72\" srcset=\"https:\/\/jadwigajanowska.pl\/wp-content\/uploads\/2026\/04\/janowska_green_calms_010-1024x731.jpg 1024w, https:\/\/jadwigajanowska.pl\/wp-content\/uploads\/2026\/04\/janowska_green_calms_010-300x214.jpg 300w, https:\/\/jadwigajanowska.pl\/wp-content\/uploads\/2026\/04\/janowska_green_calms_010-768x548.jpg 768w, https:\/\/jadwigajanowska.pl\/wp-content\/uploads\/2026\/04\/janowska_green_calms_010.jpg 1500w\" sizes=\"auto, (max-width: 1024px) 100vw, 1024px\" \/><\/figure>\n<\/figure>\n","protected":false},"excerpt":{"rendered":"<p>Puste, dzikie tereny, ma\u0142e wyspy zieleni w miastach i na obrze\u017cach znikaj\u0105. W tych miejscach pojawiaj\u0105 si\u0119 zabudowania, cz\u0119sto s\u0105 to sklepy i wielkopowierzchniowe obiekty handlowe. Proponowany projekt to wizualna opowie\u015b\u0107 o znikaj\u0105cej przestrzeni oraz wprowadzanej do nich ro\u015blinno\u015bci, poniewa\u017c \u201ezielony uspokaja\u201d. Sam tytu\u0142 odnosi nas do barwy zielonej, kt\u00f3ra kojarzy si\u0119 z ro\u015blinno\u015bci\u0105, a [&hellip;]<\/p>\n","protected":false},"author":1,"featured_media":0,"parent":0,"menu_order":0,"comment_status":"closed","ping_status":"closed","template":"","meta":{"footnotes":""},"categories":[],"tags":[],"class_list":["post-104","page","type-page","status-publish","hentry"],"_links":{"self":[{"href":"https:\/\/jadwigajanowska.pl\/index.php?rest_route=\/wp\/v2\/pages\/104","targetHints":{"allow":["GET"]}}],"collection":[{"href":"https:\/\/jadwigajanowska.pl\/index.php?rest_route=\/wp\/v2\/pages"}],"about":[{"href":"https:\/\/jadwigajanowska.pl\/index.php?rest_route=\/wp\/v2\/types\/page"}],"author":[{"embeddable":true,"href":"https:\/\/jadwigajanowska.pl\/index.php?rest_route=\/wp\/v2\/users\/1"}],"replies":[{"embeddable":true,"href":"https:\/\/jadwigajanowska.pl\/index.php?rest_route=%2Fwp%2Fv2%2Fcomments&post=104"}],"version-history":[{"count":1,"href":"https:\/\/jadwigajanowska.pl\/index.php?rest_route=\/wp\/v2\/pages\/104\/revisions"}],"predecessor-version":[{"id":105,"href":"https:\/\/jadwigajanowska.pl\/index.php?rest_route=\/wp\/v2\/pages\/104\/revisions\/105"}],"wp:attachment":[{"href":"https:\/\/jadwigajanowska.pl\/index.php?rest_route=%2Fwp%2Fv2%2Fmedia&parent=104"}],"wp:term":[{"taxonomy":"category","embeddable":true,"href":"https:\/\/jadwigajanowska.pl\/index.php?rest_route=%2Fwp%2Fv2%2Fcategories&post=104"},{"taxonomy":"post_tag","embeddable":true,"href":"https:\/\/jadwigajanowska.pl\/index.php?rest_route=%2Fwp%2Fv2%2Ftags&post=104"}],"curies":[{"name":"wp","href":"https:\/\/api.w.org\/{rel}","templated":true}]}}