{"id":102,"date":"2026-04-27T10:03:56","date_gmt":"2026-04-27T10:03:56","guid":{"rendered":"https:\/\/jadwigajanowska.pl\/?page_id=102"},"modified":"2026-04-27T10:38:48","modified_gmt":"2026-04-27T10:38:48","slug":"sen-o-czarnym-zlocie","status":"publish","type":"page","link":"https:\/\/jadwigajanowska.pl\/?page_id=102","title":{"rendered":"Sen o czarnym z\u0142ocie"},"content":{"rendered":"\n<p>Duet Nomas Artis &#8211; Jadwiga Janowska i Christopher My\u015bko <br><br><br>Ropa, dawniej nazywana olejem skalnym, pozyskiwana jest w Karpatach od stuleci. Najpierw zbierano j\u0105 z powierzchni w\u00f3d i p\u0142ytkich studni kopanych go\u0142ymi r\u0119kami. \u0141ebacy \u2014 tak nazywano ludzi, kt\u00f3rzy wyci\u0105gali j\u0105 z zag\u0142\u0119bie\u0144 ziemi za pomoc\u0105 w\u0142osia ko\u0144skiego i wi\u0105zek traw \u2014 byli pierwszymi nafciarzami na d\u0142ugo przed tym, zanim ktokolwiek u\u017cy\u0142 tego s\u0142owa. Olej skalny leczy\u0142 choroby sk\u00f3ry, impregnowa\u0142 drewno, s\u0142u\u017cy\u0142 jako opa\u0142. Potem przysz\u0142y lampy, rafinerie, koleje i miliony \u2014 a z nimi ludzie z ca\u0142ego \u015bwiata. Kanadyjscy in\u017cynierowie, wiede\u0144scy bankierzy, francuscy inwestorzy, angielscy spekulanci. Galicja sta\u0142a si\u0119 trzecim producentem ropy na \u015bwiecie. Wydobycie zmieni\u0142o wszystko \u2014 budowano drogi, mosty, budynki, linie kolejowe. Zacofana prowincja na peryferiach Austro-W\u0119gier zamieni\u0142a si\u0119 w gor\u0105czkowy tygiel, kt\u00f3ry przyci\u0105ga\u0142 i po\u017cera\u0142 ludzkie nadzieje z jednakow\u0105 si\u0142\u0105.<\/p>\n\n\n\n<p>Potem przysz\u0142y wojny i wyczerpuj\u0105ce si\u0119 z\u0142o\u017ca. Gor\u0105czka czarnego z\u0142ota wygas\u0142a. Obecnie ostatnie dzia\u0142aj\u0105ce kopalnie powoli si\u0119 zamyka.<\/p>\n\n\n\n<p>Ale ropa nie znikn\u0119\u0142a. Na polach wci\u0105\u017c pojawiaj\u0105 si\u0119 ciemne plamy, nad zaro\u015blami unosi si\u0119 charakterystyczny zapach. W lasach mo\u017cna znale\u017a\u0107 pozosta\u0142o\u015bci dawnych szyb\u00f3w, albo dzikie \u201estudzienki&#8221; \u2014 rury wkopane w ziemi\u0119, przykryte wiaderkami. Niekt\u00f3rzy mieszka\u0144cy okolicznych wsi wci\u0105\u017c czerpi\u0105 z nich rop\u0119 prowizorycznym sprz\u0119tem. Maluj\u0105 ni\u0105 drewniane p\u0142oty, gara\u017ce, szopki. Gest tak stary, \u017ce wydaje si\u0119 naturalny \u2014 jakby nigdy nie by\u0142o tu \u017cadnego przemys\u0142u, tylko ludzie i ziemia, kt\u00f3ra im co\u015b daje.<\/p>\n\n\n\n<p>Karpacko-Galicyjski Szlak Naftowy biegnie od Gorlic, przez Jas\u0142o, Krosno, Sanok, Ustrzyki Dolne, dalej przez Ukrain\u0119 \u2014 Borys\u0142aw, Drohobycz i Lw\u00f3w. Ale szlak to s\u0142owo myl\u0105ce &#8211; sugeruje co\u015b wytyczonego i gotowego do przej\u015bcia, a tymczasem tutaj trzeba wytrwale szuka\u0107.<br><\/p>\n\n\n\n<div class=\"wp-block-columns is-layout-flex wp-container-core-columns-is-layout-28f84493 wp-block-columns-is-layout-flex\">\n<div class=\"wp-block-column is-layout-flow wp-block-column-is-layout-flow\" style=\"flex-basis:100%\">\n<div class=\"wp-block-group has-global-padding is-layout-constrained wp-block-group-is-layout-constrained\">\n<div class=\"wp-block-columns is-layout-flex wp-container-core-columns-is-layout-28f84493 wp-block-columns-is-layout-flex\">\n<div class=\"wp-block-column is-layout-flow wp-block-column-is-layout-flow\" style=\"flex-basis:100%\">\n<figure class=\"wp-block-gallery has-nested-images columns-default is-cropped wp-block-gallery-1 is-layout-flex wp-block-gallery-is-layout-flex\">\n<figure class=\"wp-block-image size-large\"><img loading=\"lazy\" decoding=\"async\" width=\"1024\" height=\"731\" data-id=\"252\" src=\"https:\/\/jadwigajanowska.pl\/wp-content\/uploads\/2026\/04\/sen_o_czarnym_zlocie01-1024x731.jpg\" alt=\"\" class=\"wp-image-252\" srcset=\"https:\/\/jadwigajanowska.pl\/wp-content\/uploads\/2026\/04\/sen_o_czarnym_zlocie01-1024x731.jpg 1024w, https:\/\/jadwigajanowska.pl\/wp-content\/uploads\/2026\/04\/sen_o_czarnym_zlocie01-300x214.jpg 300w, https:\/\/jadwigajanowska.pl\/wp-content\/uploads\/2026\/04\/sen_o_czarnym_zlocie01-768x548.jpg 768w, https:\/\/jadwigajanowska.pl\/wp-content\/uploads\/2026\/04\/sen_o_czarnym_zlocie01-1536x1097.jpg 1536w, https:\/\/jadwigajanowska.pl\/wp-content\/uploads\/2026\/04\/sen_o_czarnym_zlocie01.jpg 1920w\" sizes=\"auto, (max-width: 1024px) 100vw, 1024px\" \/><\/figure>\n\n\n\n<figure class=\"wp-block-image size-large\"><img loading=\"lazy\" decoding=\"async\" width=\"1024\" height=\"732\" data-id=\"35\" src=\"https:\/\/jadwigajanowska.pl\/wp-content\/uploads\/2026\/04\/sen_o_czarnym_zlocie02-1024x732.jpg\" alt=\"\" class=\"wp-image-35\" srcset=\"https:\/\/jadwigajanowska.pl\/wp-content\/uploads\/2026\/04\/sen_o_czarnym_zlocie02-1024x732.jpg 1024w, https:\/\/jadwigajanowska.pl\/wp-content\/uploads\/2026\/04\/sen_o_czarnym_zlocie02-300x214.jpg 300w, https:\/\/jadwigajanowska.pl\/wp-content\/uploads\/2026\/04\/sen_o_czarnym_zlocie02-768x549.jpg 768w, https:\/\/jadwigajanowska.pl\/wp-content\/uploads\/2026\/04\/sen_o_czarnym_zlocie02-1536x1097.jpg 1536w, https:\/\/jadwigajanowska.pl\/wp-content\/uploads\/2026\/04\/sen_o_czarnym_zlocie02.jpg 2000w\" sizes=\"auto, (max-width: 1024px) 100vw, 1024px\" \/><\/figure>\n\n\n\n<figure class=\"wp-block-image size-large\"><img loading=\"lazy\" decoding=\"async\" width=\"1024\" height=\"731\" data-id=\"33\" src=\"https:\/\/jadwigajanowska.pl\/wp-content\/uploads\/2026\/04\/sen_o_czarnym_zlocie03-1024x731.jpg\" alt=\"\" class=\"wp-image-33\" srcset=\"https:\/\/jadwigajanowska.pl\/wp-content\/uploads\/2026\/04\/sen_o_czarnym_zlocie03-1024x731.jpg 1024w, https:\/\/jadwigajanowska.pl\/wp-content\/uploads\/2026\/04\/sen_o_czarnym_zlocie03-300x214.jpg 300w, https:\/\/jadwigajanowska.pl\/wp-content\/uploads\/2026\/04\/sen_o_czarnym_zlocie03-768x548.jpg 768w, https:\/\/jadwigajanowska.pl\/wp-content\/uploads\/2026\/04\/sen_o_czarnym_zlocie03-1536x1097.jpg 1536w, https:\/\/jadwigajanowska.pl\/wp-content\/uploads\/2026\/04\/sen_o_czarnym_zlocie03.jpg 2000w\" sizes=\"auto, (max-width: 1024px) 100vw, 1024px\" \/><\/figure>\n\n\n\n<figure class=\"wp-block-image size-large\"><img loading=\"lazy\" decoding=\"async\" width=\"732\" height=\"1024\" data-id=\"262\" src=\"https:\/\/jadwigajanowska.pl\/wp-content\/uploads\/2026\/04\/sen_o_czarnym_zlocie06-732x1024.jpg\" alt=\"\" class=\"wp-image-262\" srcset=\"https:\/\/jadwigajanowska.pl\/wp-content\/uploads\/2026\/04\/sen_o_czarnym_zlocie06-732x1024.jpg 732w, https:\/\/jadwigajanowska.pl\/wp-content\/uploads\/2026\/04\/sen_o_czarnym_zlocie06-214x300.jpg 214w, https:\/\/jadwigajanowska.pl\/wp-content\/uploads\/2026\/04\/sen_o_czarnym_zlocie06-768x1075.jpg 768w, https:\/\/jadwigajanowska.pl\/wp-content\/uploads\/2026\/04\/sen_o_czarnym_zlocie06-1098x1536.jpg 1098w, https:\/\/jadwigajanowska.pl\/wp-content\/uploads\/2026\/04\/sen_o_czarnym_zlocie06.jpg 1372w\" sizes=\"auto, (max-width: 732px) 100vw, 732px\" \/><\/figure>\n\n\n\n<figure class=\"wp-block-image size-large\"><img loading=\"lazy\" decoding=\"async\" width=\"1024\" height=\"768\" data-id=\"32\" src=\"https:\/\/jadwigajanowska.pl\/wp-content\/uploads\/2026\/04\/sen_o_czarnym_zlocie07-1024x768.jpg\" alt=\"\" class=\"wp-image-32\" srcset=\"https:\/\/jadwigajanowska.pl\/wp-content\/uploads\/2026\/04\/sen_o_czarnym_zlocie07-1024x768.jpg 1024w, https:\/\/jadwigajanowska.pl\/wp-content\/uploads\/2026\/04\/sen_o_czarnym_zlocie07-300x225.jpg 300w, https:\/\/jadwigajanowska.pl\/wp-content\/uploads\/2026\/04\/sen_o_czarnym_zlocie07-768x576.jpg 768w, https:\/\/jadwigajanowska.pl\/wp-content\/uploads\/2026\/04\/sen_o_czarnym_zlocie07-1536x1152.jpg 1536w, https:\/\/jadwigajanowska.pl\/wp-content\/uploads\/2026\/04\/sen_o_czarnym_zlocie07.jpg 2000w\" sizes=\"auto, (max-width: 1024px) 100vw, 1024px\" \/><\/figure>\n\n\n\n<figure class=\"wp-block-image size-large\"><img loading=\"lazy\" decoding=\"async\" width=\"1024\" height=\"732\" data-id=\"255\" src=\"https:\/\/jadwigajanowska.pl\/wp-content\/uploads\/2026\/04\/sen_o_czarnym_zlocie08-1024x732.jpg\" alt=\"\" class=\"wp-image-255\" srcset=\"https:\/\/jadwigajanowska.pl\/wp-content\/uploads\/2026\/04\/sen_o_czarnym_zlocie08-1024x732.jpg 1024w, https:\/\/jadwigajanowska.pl\/wp-content\/uploads\/2026\/04\/sen_o_czarnym_zlocie08-300x214.jpg 300w, https:\/\/jadwigajanowska.pl\/wp-content\/uploads\/2026\/04\/sen_o_czarnym_zlocie08-768x549.jpg 768w, https:\/\/jadwigajanowska.pl\/wp-content\/uploads\/2026\/04\/sen_o_czarnym_zlocie08-1536x1098.jpg 1536w, https:\/\/jadwigajanowska.pl\/wp-content\/uploads\/2026\/04\/sen_o_czarnym_zlocie08.jpg 1920w\" sizes=\"auto, (max-width: 1024px) 100vw, 1024px\" \/><\/figure>\n\n\n\n<figure class=\"wp-block-image size-large\"><img loading=\"lazy\" decoding=\"async\" width=\"715\" height=\"1024\" data-id=\"261\" src=\"https:\/\/jadwigajanowska.pl\/wp-content\/uploads\/2026\/04\/sen_o_czarnym_zlocie11-715x1024.jpg\" alt=\"\" class=\"wp-image-261\" srcset=\"https:\/\/jadwigajanowska.pl\/wp-content\/uploads\/2026\/04\/sen_o_czarnym_zlocie11-715x1024.jpg 715w, https:\/\/jadwigajanowska.pl\/wp-content\/uploads\/2026\/04\/sen_o_czarnym_zlocie11-210x300.jpg 210w, https:\/\/jadwigajanowska.pl\/wp-content\/uploads\/2026\/04\/sen_o_czarnym_zlocie11-768x1100.jpg 768w, https:\/\/jadwigajanowska.pl\/wp-content\/uploads\/2026\/04\/sen_o_czarnym_zlocie11-1073x1536.jpg 1073w, https:\/\/jadwigajanowska.pl\/wp-content\/uploads\/2026\/04\/sen_o_czarnym_zlocie11.jpg 1341w\" sizes=\"auto, (max-width: 715px) 100vw, 715px\" \/><\/figure>\n\n\n\n<figure class=\"wp-block-image size-large\"><img loading=\"lazy\" decoding=\"async\" width=\"1024\" height=\"717\" data-id=\"257\" src=\"https:\/\/jadwigajanowska.pl\/wp-content\/uploads\/2026\/04\/sen_o_czarnym_zlocie04-1024x717.jpg\" alt=\"\" class=\"wp-image-257\" srcset=\"https:\/\/jadwigajanowska.pl\/wp-content\/uploads\/2026\/04\/sen_o_czarnym_zlocie04-1024x717.jpg 1024w, https:\/\/jadwigajanowska.pl\/wp-content\/uploads\/2026\/04\/sen_o_czarnym_zlocie04-300x210.jpg 300w, https:\/\/jadwigajanowska.pl\/wp-content\/uploads\/2026\/04\/sen_o_czarnym_zlocie04-768x538.jpg 768w, https:\/\/jadwigajanowska.pl\/wp-content\/uploads\/2026\/04\/sen_o_czarnym_zlocie04-1536x1075.jpg 1536w, https:\/\/jadwigajanowska.pl\/wp-content\/uploads\/2026\/04\/sen_o_czarnym_zlocie04.jpg 1920w\" sizes=\"auto, (max-width: 1024px) 100vw, 1024px\" \/><\/figure>\n\n\n\n<figure class=\"wp-block-image size-large\"><img loading=\"lazy\" decoding=\"async\" width=\"1024\" height=\"768\" data-id=\"258\" src=\"https:\/\/jadwigajanowska.pl\/wp-content\/uploads\/2026\/04\/sen_o_czarnym_zlocie05-1024x768.jpg\" alt=\"\" class=\"wp-image-258\" srcset=\"https:\/\/jadwigajanowska.pl\/wp-content\/uploads\/2026\/04\/sen_o_czarnym_zlocie05-1024x768.jpg 1024w, https:\/\/jadwigajanowska.pl\/wp-content\/uploads\/2026\/04\/sen_o_czarnym_zlocie05-300x225.jpg 300w, https:\/\/jadwigajanowska.pl\/wp-content\/uploads\/2026\/04\/sen_o_czarnym_zlocie05-768x576.jpg 768w, https:\/\/jadwigajanowska.pl\/wp-content\/uploads\/2026\/04\/sen_o_czarnym_zlocie05-1536x1152.jpg 1536w, https:\/\/jadwigajanowska.pl\/wp-content\/uploads\/2026\/04\/sen_o_czarnym_zlocie05.jpg 1920w\" sizes=\"auto, (max-width: 1024px) 100vw, 1024px\" \/><\/figure>\n\n\n\n<figure class=\"wp-block-image size-large\"><img loading=\"lazy\" decoding=\"async\" width=\"1024\" height=\"717\" data-id=\"251\" src=\"https:\/\/jadwigajanowska.pl\/wp-content\/uploads\/2026\/04\/sen_o_czarnym_zlocie12-1024x717.jpg\" alt=\"\" class=\"wp-image-251\" srcset=\"https:\/\/jadwigajanowska.pl\/wp-content\/uploads\/2026\/04\/sen_o_czarnym_zlocie12-1024x717.jpg 1024w, https:\/\/jadwigajanowska.pl\/wp-content\/uploads\/2026\/04\/sen_o_czarnym_zlocie12-300x210.jpg 300w, https:\/\/jadwigajanowska.pl\/wp-content\/uploads\/2026\/04\/sen_o_czarnym_zlocie12-768x538.jpg 768w, https:\/\/jadwigajanowska.pl\/wp-content\/uploads\/2026\/04\/sen_o_czarnym_zlocie12-1536x1075.jpg 1536w, https:\/\/jadwigajanowska.pl\/wp-content\/uploads\/2026\/04\/sen_o_czarnym_zlocie12.jpg 1920w\" sizes=\"auto, (max-width: 1024px) 100vw, 1024px\" \/><\/figure>\n\n\n\n<figure class=\"wp-block-image size-large\"><img loading=\"lazy\" decoding=\"async\" width=\"1024\" height=\"732\" data-id=\"253\" src=\"https:\/\/jadwigajanowska.pl\/wp-content\/uploads\/2026\/04\/sen_o_czarnym_zlocie09-1024x732.jpg\" alt=\"\" class=\"wp-image-253\" srcset=\"https:\/\/jadwigajanowska.pl\/wp-content\/uploads\/2026\/04\/sen_o_czarnym_zlocie09-1024x732.jpg 1024w, https:\/\/jadwigajanowska.pl\/wp-content\/uploads\/2026\/04\/sen_o_czarnym_zlocie09-300x214.jpg 300w, https:\/\/jadwigajanowska.pl\/wp-content\/uploads\/2026\/04\/sen_o_czarnym_zlocie09-768x549.jpg 768w, https:\/\/jadwigajanowska.pl\/wp-content\/uploads\/2026\/04\/sen_o_czarnym_zlocie09-1536x1098.jpg 1536w, https:\/\/jadwigajanowska.pl\/wp-content\/uploads\/2026\/04\/sen_o_czarnym_zlocie09.jpg 1920w\" sizes=\"auto, (max-width: 1024px) 100vw, 1024px\" \/><\/figure>\n\n\n\n<figure class=\"wp-block-image size-large\"><img loading=\"lazy\" decoding=\"async\" width=\"767\" height=\"1024\" data-id=\"249\" src=\"https:\/\/jadwigajanowska.pl\/wp-content\/uploads\/2026\/04\/sen_o_czarnym_zlocie13-767x1024.jpg\" alt=\"\" class=\"wp-image-249\" srcset=\"https:\/\/jadwigajanowska.pl\/wp-content\/uploads\/2026\/04\/sen_o_czarnym_zlocie13-767x1024.jpg 767w, https:\/\/jadwigajanowska.pl\/wp-content\/uploads\/2026\/04\/sen_o_czarnym_zlocie13-225x300.jpg 225w, https:\/\/jadwigajanowska.pl\/wp-content\/uploads\/2026\/04\/sen_o_czarnym_zlocie13-768x1025.jpg 768w, https:\/\/jadwigajanowska.pl\/wp-content\/uploads\/2026\/04\/sen_o_czarnym_zlocie13-1151x1536.jpg 1151w, https:\/\/jadwigajanowska.pl\/wp-content\/uploads\/2026\/04\/sen_o_czarnym_zlocie13.jpg 1439w\" sizes=\"auto, (max-width: 767px) 100vw, 767px\" \/><\/figure>\n\n\n\n<figure class=\"wp-block-image size-large\"><img loading=\"lazy\" decoding=\"async\" width=\"1024\" height=\"732\" data-id=\"247\" src=\"https:\/\/jadwigajanowska.pl\/wp-content\/uploads\/2026\/04\/sen_o_czarnym_zlocie16-2-1024x732.jpg\" alt=\"\" class=\"wp-image-247\" srcset=\"https:\/\/jadwigajanowska.pl\/wp-content\/uploads\/2026\/04\/sen_o_czarnym_zlocie16-2-1024x732.jpg 1024w, https:\/\/jadwigajanowska.pl\/wp-content\/uploads\/2026\/04\/sen_o_czarnym_zlocie16-2-300x214.jpg 300w, https:\/\/jadwigajanowska.pl\/wp-content\/uploads\/2026\/04\/sen_o_czarnym_zlocie16-2-768x549.jpg 768w, https:\/\/jadwigajanowska.pl\/wp-content\/uploads\/2026\/04\/sen_o_czarnym_zlocie16-2-1536x1098.jpg 1536w, https:\/\/jadwigajanowska.pl\/wp-content\/uploads\/2026\/04\/sen_o_czarnym_zlocie16-2.jpg 1920w\" sizes=\"auto, (max-width: 1024px) 100vw, 1024px\" \/><\/figure>\n\n\n\n<figure class=\"wp-block-image size-large\"><img loading=\"lazy\" decoding=\"async\" width=\"732\" height=\"1024\" data-id=\"260\" src=\"https:\/\/jadwigajanowska.pl\/wp-content\/uploads\/2026\/04\/sen_o_czarnym_zlocie14-732x1024.jpg\" alt=\"\" class=\"wp-image-260\" srcset=\"https:\/\/jadwigajanowska.pl\/wp-content\/uploads\/2026\/04\/sen_o_czarnym_zlocie14-732x1024.jpg 732w, https:\/\/jadwigajanowska.pl\/wp-content\/uploads\/2026\/04\/sen_o_czarnym_zlocie14-214x300.jpg 214w, https:\/\/jadwigajanowska.pl\/wp-content\/uploads\/2026\/04\/sen_o_czarnym_zlocie14-768x1075.jpg 768w, https:\/\/jadwigajanowska.pl\/wp-content\/uploads\/2026\/04\/sen_o_czarnym_zlocie14-1098x1536.jpg 1098w, https:\/\/jadwigajanowska.pl\/wp-content\/uploads\/2026\/04\/sen_o_czarnym_zlocie14.jpg 1372w\" sizes=\"auto, (max-width: 732px) 100vw, 732px\" \/><\/figure>\n\n\n\n<figure class=\"wp-block-image size-large\"><img loading=\"lazy\" decoding=\"async\" width=\"1024\" height=\"732\" data-id=\"34\" src=\"https:\/\/jadwigajanowska.pl\/wp-content\/uploads\/2026\/04\/sen_o_czarnym_zlocie15-1024x732.jpg\" alt=\"\" class=\"wp-image-34\" srcset=\"https:\/\/jadwigajanowska.pl\/wp-content\/uploads\/2026\/04\/sen_o_czarnym_zlocie15-1024x732.jpg 1024w, https:\/\/jadwigajanowska.pl\/wp-content\/uploads\/2026\/04\/sen_o_czarnym_zlocie15-300x214.jpg 300w, https:\/\/jadwigajanowska.pl\/wp-content\/uploads\/2026\/04\/sen_o_czarnym_zlocie15-768x549.jpg 768w, https:\/\/jadwigajanowska.pl\/wp-content\/uploads\/2026\/04\/sen_o_czarnym_zlocie15-1536x1097.jpg 1536w, https:\/\/jadwigajanowska.pl\/wp-content\/uploads\/2026\/04\/sen_o_czarnym_zlocie15.jpg 2000w\" sizes=\"auto, (max-width: 1024px) 100vw, 1024px\" \/><\/figure>\n\n\n\n<figure class=\"wp-block-image size-large\"><img loading=\"lazy\" decoding=\"async\" width=\"1024\" height=\"768\" data-id=\"259\" src=\"https:\/\/jadwigajanowska.pl\/wp-content\/uploads\/2026\/04\/sen_o_czarnym_zlocie17-1024x768.jpg\" alt=\"\" class=\"wp-image-259\" srcset=\"https:\/\/jadwigajanowska.pl\/wp-content\/uploads\/2026\/04\/sen_o_czarnym_zlocie17-1024x768.jpg 1024w, https:\/\/jadwigajanowska.pl\/wp-content\/uploads\/2026\/04\/sen_o_czarnym_zlocie17-300x225.jpg 300w, https:\/\/jadwigajanowska.pl\/wp-content\/uploads\/2026\/04\/sen_o_czarnym_zlocie17-768x576.jpg 768w, https:\/\/jadwigajanowska.pl\/wp-content\/uploads\/2026\/04\/sen_o_czarnym_zlocie17-1536x1152.jpg 1536w, https:\/\/jadwigajanowska.pl\/wp-content\/uploads\/2026\/04\/sen_o_czarnym_zlocie17.jpg 1920w\" sizes=\"auto, (max-width: 1024px) 100vw, 1024px\" \/><\/figure>\n\n\n\n<figure class=\"wp-block-image size-large\"><img loading=\"lazy\" decoding=\"async\" width=\"717\" height=\"1024\" data-id=\"254\" src=\"https:\/\/jadwigajanowska.pl\/wp-content\/uploads\/2026\/04\/sen_o_czarnym_zlocie10-717x1024.jpg\" alt=\"\" class=\"wp-image-254\" srcset=\"https:\/\/jadwigajanowska.pl\/wp-content\/uploads\/2026\/04\/sen_o_czarnym_zlocie10-717x1024.jpg 717w, https:\/\/jadwigajanowska.pl\/wp-content\/uploads\/2026\/04\/sen_o_czarnym_zlocie10-210x300.jpg 210w, https:\/\/jadwigajanowska.pl\/wp-content\/uploads\/2026\/04\/sen_o_czarnym_zlocie10-768x1097.jpg 768w, https:\/\/jadwigajanowska.pl\/wp-content\/uploads\/2026\/04\/sen_o_czarnym_zlocie10-1075x1536.jpg 1075w, https:\/\/jadwigajanowska.pl\/wp-content\/uploads\/2026\/04\/sen_o_czarnym_zlocie10.jpg 1344w\" sizes=\"auto, (max-width: 717px) 100vw, 717px\" \/><\/figure>\n\n\n\n<figure class=\"wp-block-image size-large\"><img loading=\"lazy\" decoding=\"async\" width=\"819\" height=\"1024\" data-id=\"250\" src=\"https:\/\/jadwigajanowska.pl\/wp-content\/uploads\/2026\/04\/sen_o_czarnym_zlocie18-819x1024.jpg\" alt=\"\" class=\"wp-image-250\" srcset=\"https:\/\/jadwigajanowska.pl\/wp-content\/uploads\/2026\/04\/sen_o_czarnym_zlocie18-819x1024.jpg 819w, https:\/\/jadwigajanowska.pl\/wp-content\/uploads\/2026\/04\/sen_o_czarnym_zlocie18-240x300.jpg 240w, https:\/\/jadwigajanowska.pl\/wp-content\/uploads\/2026\/04\/sen_o_czarnym_zlocie18-768x960.jpg 768w, https:\/\/jadwigajanowska.pl\/wp-content\/uploads\/2026\/04\/sen_o_czarnym_zlocie18-1229x1536.jpg 1229w, https:\/\/jadwigajanowska.pl\/wp-content\/uploads\/2026\/04\/sen_o_czarnym_zlocie18.jpg 1536w\" sizes=\"auto, (max-width: 819px) 100vw, 819px\" \/><\/figure>\n\n\n\n<figure class=\"wp-block-image size-large\"><img loading=\"lazy\" decoding=\"async\" width=\"819\" height=\"1024\" data-id=\"256\" src=\"https:\/\/jadwigajanowska.pl\/wp-content\/uploads\/2026\/04\/sen_o_czarnym_zlocie19-819x1024.jpg\" alt=\"\" class=\"wp-image-256\" srcset=\"https:\/\/jadwigajanowska.pl\/wp-content\/uploads\/2026\/04\/sen_o_czarnym_zlocie19-819x1024.jpg 819w, https:\/\/jadwigajanowska.pl\/wp-content\/uploads\/2026\/04\/sen_o_czarnym_zlocie19-240x300.jpg 240w, https:\/\/jadwigajanowska.pl\/wp-content\/uploads\/2026\/04\/sen_o_czarnym_zlocie19-768x960.jpg 768w, https:\/\/jadwigajanowska.pl\/wp-content\/uploads\/2026\/04\/sen_o_czarnym_zlocie19-1229x1536.jpg 1229w, https:\/\/jadwigajanowska.pl\/wp-content\/uploads\/2026\/04\/sen_o_czarnym_zlocie19.jpg 1536w\" sizes=\"auto, (max-width: 819px) 100vw, 819px\" \/><\/figure>\n<\/figure>\n<\/div>\n<\/div>\n<\/div>\n<\/div>\n<\/div>\n","protected":false},"excerpt":{"rendered":"<p>Duet Nomas Artis &#8211; Jadwiga Janowska i Christopher My\u015bko Ropa, dawniej nazywana olejem skalnym, pozyskiwana jest w Karpatach od stuleci. Najpierw zbierano j\u0105 z powierzchni w\u00f3d i p\u0142ytkich studni kopanych go\u0142ymi r\u0119kami. \u0141ebacy \u2014 tak nazywano ludzi, kt\u00f3rzy wyci\u0105gali j\u0105 z zag\u0142\u0119bie\u0144 ziemi za pomoc\u0105 w\u0142osia ko\u0144skiego i wi\u0105zek traw \u2014 byli pierwszymi nafciarzami na [&hellip;]<\/p>\n","protected":false},"author":1,"featured_media":0,"parent":0,"menu_order":0,"comment_status":"closed","ping_status":"closed","template":"","meta":{"footnotes":""},"categories":[],"tags":[],"class_list":["post-102","page","type-page","status-publish","hentry"],"_links":{"self":[{"href":"https:\/\/jadwigajanowska.pl\/index.php?rest_route=\/wp\/v2\/pages\/102","targetHints":{"allow":["GET"]}}],"collection":[{"href":"https:\/\/jadwigajanowska.pl\/index.php?rest_route=\/wp\/v2\/pages"}],"about":[{"href":"https:\/\/jadwigajanowska.pl\/index.php?rest_route=\/wp\/v2\/types\/page"}],"author":[{"embeddable":true,"href":"https:\/\/jadwigajanowska.pl\/index.php?rest_route=\/wp\/v2\/users\/1"}],"replies":[{"embeddable":true,"href":"https:\/\/jadwigajanowska.pl\/index.php?rest_route=%2Fwp%2Fv2%2Fcomments&post=102"}],"version-history":[{"count":3,"href":"https:\/\/jadwigajanowska.pl\/index.php?rest_route=\/wp\/v2\/pages\/102\/revisions"}],"predecessor-version":[{"id":263,"href":"https:\/\/jadwigajanowska.pl\/index.php?rest_route=\/wp\/v2\/pages\/102\/revisions\/263"}],"wp:attachment":[{"href":"https:\/\/jadwigajanowska.pl\/index.php?rest_route=%2Fwp%2Fv2%2Fmedia&parent=102"}],"wp:term":[{"taxonomy":"category","embeddable":true,"href":"https:\/\/jadwigajanowska.pl\/index.php?rest_route=%2Fwp%2Fv2%2Fcategories&post=102"},{"taxonomy":"post_tag","embeddable":true,"href":"https:\/\/jadwigajanowska.pl\/index.php?rest_route=%2Fwp%2Fv2%2Ftags&post=102"}],"curies":[{"name":"wp","href":"https:\/\/api.w.org\/{rel}","templated":true}]}}