{"id":100,"date":"2026-04-27T10:00:55","date_gmt":"2026-04-27T10:00:55","guid":{"rendered":"https:\/\/jadwigajanowska.pl\/?page_id=100"},"modified":"2026-04-27T10:00:55","modified_gmt":"2026-04-27T10:00:55","slug":"false-flag","status":"publish","type":"page","link":"https:\/\/jadwigajanowska.pl\/?page_id=100","title":{"rendered":"False Flag"},"content":{"rendered":"\n<p>&nbsp;Polsce, na \u015al\u0105sku, w Gliwicach jest drewniana radiostacja. Radiostacja to obiekt niezwykle wa\u017cny zar\u00f3wno dla topografii, jak i historii miasta \u2013 to w\u0142a\u015bnie tutaj 31 sierpnia 1939 roku mia\u0142a miejsce prowokacja gliwicka, propagandowa akcja dywersyjna stanowi\u0105ca pretekst do wypowiedzenia Polsce wojny przez Niemcy. By\u0142a to operacja typu false flag \u2013 tajna operacja prowadzona w celu wprowadzenia w b\u0142\u0105d, stworzenia wra\u017cenia, \u017ce dana grupa, nar\u00f3d, pa\u0144stwo itp. jest rzekomo odpowiedzialna za pewne dzia\u0142ania. Sygna\u0142em do rozpocz\u0119cia prowokacji Gliwickiej by\u0142y s\u0142owa \u201eBabcia umar\u0142a\u201d. Niemieccy napastnicy zaatakowali niemieck\u0105 radiostacj\u0119 przebrani za \u015al\u0105zak\u00f3w. Akcja nie przebieg\u0142a jednak tak p\u0142ynnie, jak si\u0119 spodziewa\u0142o. Finalnie do radios\u0142uchaczy dotar\u0142o tylko 9 wyraz\u00f3w: Uwaga, tu Gliwice. Radiostacja znajduje si\u0119 w polskich r\u0119kach\u2026 Nast\u0119pnie radio zamilk\u0142o z przyczyn, kt\u00f3rych dot\u0105d nie wyja\u015bniono.&nbsp;<\/p>\n\n\n\n<p>W latach 50 u\u017cywano gliwickiej wie\u017cy do zag\u0142uszania rozg\u0142o\u015bni zagranicznych, g\u0142\u00f3wnie Radia Wolna Europa.&nbsp;<\/p>\n\n\n\n<p>Wykonany z drewna modrzewiowego maszt radiostacji gliwickiej zbudowany zosta\u0142 w 1935 roku. Po\u0142\u0105czony ponad szesnastoma tysi\u0105cami mosi\u0119\u017cnych \u015brub, stanowi on&nbsp; najwy\u017csz\u0105 drewnian\u0105 konstrukcj\u0119 w Europie oraz najwy\u017csz\u0105 drewnian\u0105 stacj\u0119 nadawcz\u0105 na \u015bwiecie. Obecny stan wiedzy na temat metod konserwacji drewna pozwala szacowa\u0107 \u017cywotno\u015b\u0107 wie\u017cy na kolejne pi\u0119tna\u015bcie \u2013 dwadzie\u015bcia lat.<\/p>\n\n\n\n<p>Symbol graficzny przedstawiaj\u0105cy gliwick\u0105 radiostacj\u0119 jest znakiem wizualnym kojarzonym z miastem i szeroko wykorzystywanym do jego promocji. Sama wie\u017ca bywa w lokalnych mediach nazywana \u201cgliwick\u0105 wie\u017c\u0105 Eiffla\u201d.<\/p>\n\n\n\n<p>M\u00f3j projekt podzielony jest na dwie cz\u0119\u015bci: w jednej z nich fotografuj\u0119 wie\u017c\u0119 z r\u00f3\u017cnych punkt\u00f3w miasta i w r\u00f3\u017cnych deformacjach, np. odbijaj\u0105c\u0105 si\u0119 w szybach okolicznych dom\u00f3w, w lusterkach skuter\u00f3w, itp., jak r\u00f3wnie\u017c przedmioty i reprezentacje graficzne, kt\u00f3re j\u0105 przedstawiaj\u0105.&nbsp;<\/p>\n\n\n\n<p>W drugiej cz\u0119\u015bci fotografuj\u0119 siebie z wie\u017c\u0105 \u2013 daj\u0119 napotkanym pod radiostacj\u0105 osobom apart i prosz\u0119, aby zrobi\u0142y mi zdj\u0119cie. Kontrast mi\u0119dzy \u201cobiektywnymi\u201d, bardziej topograficznymi zdj\u0119ciami masztu, a \u201csubiektywniejszym\u201d spojrzeniem, zamieszczaj\u0105cym cz\u0142owieka na tle wie\u017cy, pozwala mi podkre\u015bli\u0107&nbsp; turystyczny aspekt tego miejsca, jak r\u00f3wnie\u017c stanowi m\u00f3j spos\u00f3b poszukiwania siebie w tej przestrzeni.<\/p>\n\n\n\n<p>Aby podkre\u015bli\u0107 historyczny aspekt tego miejsca oraz jego relacj\u0119 z miastem i jego lud\u017ami, wykorzystuj\u0119 r\u00f3wnie\u017c zdj\u0119cia archiwalne (dzi\u0119ki uprzejmo\u015bci Muzeum w Gliwicach), wykonane podczas budowy masztu radiostacji.<\/p>\n\n\n\n<p>W ca\u0142ym projekcie wie\u017ca dominuje, widz mo\u017ce czu\u0107 si\u0119 z tego powodu niekomfortowo. Obserwacja, brak wolnej przestrzeni. W projekcie wie\u017ca patrzy na widza, widz na wie\u017c\u0119. Wie\u017ca kontroluje, sprawdza.&nbsp;<\/p>\n\n\n\n<p>Nad projektem pracuj\u0119 od 2019 roku.<\/p>\n\n\n\n<figure class=\"wp-block-gallery has-nested-images columns-default is-cropped wp-block-gallery-1 is-layout-flex wp-block-gallery-is-layout-flex\">\n<figure class=\"wp-block-image size-large\"><img loading=\"lazy\" decoding=\"async\" width=\"683\" height=\"1024\" data-id=\"14\" src=\"https:\/\/jadwigajanowska.pl\/wp-content\/uploads\/2026\/04\/janowska_jadwiga_01-683x1024.jpg\" alt=\"\" class=\"wp-image-14\" srcset=\"https:\/\/jadwigajanowska.pl\/wp-content\/uploads\/2026\/04\/janowska_jadwiga_01-683x1024.jpg 683w, https:\/\/jadwigajanowska.pl\/wp-content\/uploads\/2026\/04\/janowska_jadwiga_01-200x300.jpg 200w, https:\/\/jadwigajanowska.pl\/wp-content\/uploads\/2026\/04\/janowska_jadwiga_01-768x1151.jpg 768w, https:\/\/jadwigajanowska.pl\/wp-content\/uploads\/2026\/04\/janowska_jadwiga_01.jpg 934w\" sizes=\"auto, (max-width: 683px) 100vw, 683px\" \/><\/figure>\n\n\n\n<figure class=\"wp-block-image size-large\"><img loading=\"lazy\" decoding=\"async\" width=\"684\" height=\"1024\" data-id=\"25\" src=\"https:\/\/jadwigajanowska.pl\/wp-content\/uploads\/2026\/04\/janowska_jadwiga_05-684x1024.jpg\" alt=\"\" class=\"wp-image-25\" srcset=\"https:\/\/jadwigajanowska.pl\/wp-content\/uploads\/2026\/04\/janowska_jadwiga_05-684x1024.jpg 684w, https:\/\/jadwigajanowska.pl\/wp-content\/uploads\/2026\/04\/janowska_jadwiga_05-200x300.jpg 200w, https:\/\/jadwigajanowska.pl\/wp-content\/uploads\/2026\/04\/janowska_jadwiga_05-768x1150.jpg 768w, https:\/\/jadwigajanowska.pl\/wp-content\/uploads\/2026\/04\/janowska_jadwiga_05.jpg 935w\" sizes=\"auto, (max-width: 684px) 100vw, 684px\" \/><\/figure>\n\n\n\n<figure class=\"wp-block-image size-large\"><img loading=\"lazy\" decoding=\"async\" width=\"683\" height=\"1024\" data-id=\"11\" src=\"https:\/\/jadwigajanowska.pl\/wp-content\/uploads\/2026\/04\/janowska_jadwiga_03-683x1024.jpg\" alt=\"\" class=\"wp-image-11\" srcset=\"https:\/\/jadwigajanowska.pl\/wp-content\/uploads\/2026\/04\/janowska_jadwiga_03-683x1024.jpg 683w, https:\/\/jadwigajanowska.pl\/wp-content\/uploads\/2026\/04\/janowska_jadwiga_03-200x300.jpg 200w, https:\/\/jadwigajanowska.pl\/wp-content\/uploads\/2026\/04\/janowska_jadwiga_03-768x1151.jpg 768w, https:\/\/jadwigajanowska.pl\/wp-content\/uploads\/2026\/04\/janowska_jadwiga_03.jpg 934w\" sizes=\"auto, (max-width: 683px) 100vw, 683px\" \/><\/figure>\n\n\n\n<figure class=\"wp-block-image size-large\"><img loading=\"lazy\" decoding=\"async\" width=\"684\" height=\"1024\" data-id=\"30\" src=\"https:\/\/jadwigajanowska.pl\/wp-content\/uploads\/2026\/04\/janowska_jadwiga_04-684x1024.jpg\" alt=\"\" class=\"wp-image-30\" srcset=\"https:\/\/jadwigajanowska.pl\/wp-content\/uploads\/2026\/04\/janowska_jadwiga_04-684x1024.jpg 684w, https:\/\/jadwigajanowska.pl\/wp-content\/uploads\/2026\/04\/janowska_jadwiga_04-200x300.jpg 200w, https:\/\/jadwigajanowska.pl\/wp-content\/uploads\/2026\/04\/janowska_jadwiga_04-768x1150.jpg 768w, https:\/\/jadwigajanowska.pl\/wp-content\/uploads\/2026\/04\/janowska_jadwiga_04.jpg 935w\" sizes=\"auto, (max-width: 684px) 100vw, 684px\" \/><\/figure>\n\n\n\n<figure class=\"wp-block-image size-large\"><img loading=\"lazy\" decoding=\"async\" width=\"683\" height=\"1024\" data-id=\"19\" src=\"https:\/\/jadwigajanowska.pl\/wp-content\/uploads\/2026\/04\/janowska_jadwiga_07-683x1024.jpg\" alt=\"\" class=\"wp-image-19\" srcset=\"https:\/\/jadwigajanowska.pl\/wp-content\/uploads\/2026\/04\/janowska_jadwiga_07-683x1024.jpg 683w, https:\/\/jadwigajanowska.pl\/wp-content\/uploads\/2026\/04\/janowska_jadwiga_07-200x300.jpg 200w, https:\/\/jadwigajanowska.pl\/wp-content\/uploads\/2026\/04\/janowska_jadwiga_07-768x1151.jpg 768w, https:\/\/jadwigajanowska.pl\/wp-content\/uploads\/2026\/04\/janowska_jadwiga_07.jpg 934w\" sizes=\"auto, (max-width: 683px) 100vw, 683px\" \/><\/figure>\n\n\n\n<figure class=\"wp-block-image size-large\"><img loading=\"lazy\" decoding=\"async\" width=\"683\" height=\"1024\" data-id=\"20\" src=\"https:\/\/jadwigajanowska.pl\/wp-content\/uploads\/2026\/04\/janowska_jadwiga_16-683x1024.jpg\" alt=\"\" class=\"wp-image-20\" srcset=\"https:\/\/jadwigajanowska.pl\/wp-content\/uploads\/2026\/04\/janowska_jadwiga_16-683x1024.jpg 683w, https:\/\/jadwigajanowska.pl\/wp-content\/uploads\/2026\/04\/janowska_jadwiga_16-200x300.jpg 200w, https:\/\/jadwigajanowska.pl\/wp-content\/uploads\/2026\/04\/janowska_jadwiga_16-768x1151.jpg 768w, https:\/\/jadwigajanowska.pl\/wp-content\/uploads\/2026\/04\/janowska_jadwiga_16.jpg 934w\" sizes=\"auto, (max-width: 683px) 100vw, 683px\" \/><\/figure>\n\n\n\n<figure class=\"wp-block-image size-large\"><img loading=\"lazy\" decoding=\"async\" width=\"684\" height=\"1024\" data-id=\"29\" src=\"https:\/\/jadwigajanowska.pl\/wp-content\/uploads\/2026\/04\/janowska_jadwiga_09-684x1024.jpg\" alt=\"\" class=\"wp-image-29\" srcset=\"https:\/\/jadwigajanowska.pl\/wp-content\/uploads\/2026\/04\/janowska_jadwiga_09-684x1024.jpg 684w, https:\/\/jadwigajanowska.pl\/wp-content\/uploads\/2026\/04\/janowska_jadwiga_09-200x300.jpg 200w, https:\/\/jadwigajanowska.pl\/wp-content\/uploads\/2026\/04\/janowska_jadwiga_09-768x1150.jpg 768w, https:\/\/jadwigajanowska.pl\/wp-content\/uploads\/2026\/04\/janowska_jadwiga_09.jpg 935w\" sizes=\"auto, (max-width: 684px) 100vw, 684px\" \/><\/figure>\n\n\n\n<figure class=\"wp-block-image size-large\"><img loading=\"lazy\" decoding=\"async\" width=\"682\" height=\"1024\" data-id=\"27\" src=\"https:\/\/jadwigajanowska.pl\/wp-content\/uploads\/2026\/04\/janowska_jadwiga_17-682x1024.jpg\" alt=\"\" class=\"wp-image-27\" srcset=\"https:\/\/jadwigajanowska.pl\/wp-content\/uploads\/2026\/04\/janowska_jadwiga_17-682x1024.jpg 682w, https:\/\/jadwigajanowska.pl\/wp-content\/uploads\/2026\/04\/janowska_jadwiga_17-200x300.jpg 200w, https:\/\/jadwigajanowska.pl\/wp-content\/uploads\/2026\/04\/janowska_jadwiga_17-768x1152.jpg 768w, https:\/\/jadwigajanowska.pl\/wp-content\/uploads\/2026\/04\/janowska_jadwiga_17.jpg 933w\" sizes=\"auto, (max-width: 682px) 100vw, 682px\" \/><\/figure>\n\n\n\n<figure class=\"wp-block-image size-large\"><img loading=\"lazy\" decoding=\"async\" width=\"682\" height=\"1024\" data-id=\"22\" src=\"https:\/\/jadwigajanowska.pl\/wp-content\/uploads\/2026\/04\/janowska_jadwiga_25-682x1024.jpg\" alt=\"\" class=\"wp-image-22\" srcset=\"https:\/\/jadwigajanowska.pl\/wp-content\/uploads\/2026\/04\/janowska_jadwiga_25-682x1024.jpg 682w, https:\/\/jadwigajanowska.pl\/wp-content\/uploads\/2026\/04\/janowska_jadwiga_25-200x300.jpg 200w, https:\/\/jadwigajanowska.pl\/wp-content\/uploads\/2026\/04\/janowska_jadwiga_25-768x1152.jpg 768w, https:\/\/jadwigajanowska.pl\/wp-content\/uploads\/2026\/04\/janowska_jadwiga_25.jpg 933w\" sizes=\"auto, (max-width: 682px) 100vw, 682px\" \/><\/figure>\n\n\n\n<figure class=\"wp-block-image size-large\"><img loading=\"lazy\" decoding=\"async\" width=\"682\" height=\"1024\" data-id=\"17\" src=\"https:\/\/jadwigajanowska.pl\/wp-content\/uploads\/2026\/04\/janowska_jadwiga_26-682x1024.jpg\" alt=\"\" class=\"wp-image-17\" srcset=\"https:\/\/jadwigajanowska.pl\/wp-content\/uploads\/2026\/04\/janowska_jadwiga_26-682x1024.jpg 682w, https:\/\/jadwigajanowska.pl\/wp-content\/uploads\/2026\/04\/janowska_jadwiga_26-200x300.jpg 200w, https:\/\/jadwigajanowska.pl\/wp-content\/uploads\/2026\/04\/janowska_jadwiga_26-768x1152.jpg 768w, https:\/\/jadwigajanowska.pl\/wp-content\/uploads\/2026\/04\/janowska_jadwiga_26.jpg 933w\" sizes=\"auto, (max-width: 682px) 100vw, 682px\" \/><\/figure>\n\n\n\n<figure class=\"wp-block-image size-large\"><img loading=\"lazy\" decoding=\"async\" width=\"683\" height=\"1024\" data-id=\"13\" src=\"https:\/\/jadwigajanowska.pl\/wp-content\/uploads\/2026\/04\/janowska_jadwiga_20-683x1024.jpg\" alt=\"\" class=\"wp-image-13\" srcset=\"https:\/\/jadwigajanowska.pl\/wp-content\/uploads\/2026\/04\/janowska_jadwiga_20-683x1024.jpg 683w, https:\/\/jadwigajanowska.pl\/wp-content\/uploads\/2026\/04\/janowska_jadwiga_20-200x300.jpg 200w, https:\/\/jadwigajanowska.pl\/wp-content\/uploads\/2026\/04\/janowska_jadwiga_20-768x1151.jpg 768w, https:\/\/jadwigajanowska.pl\/wp-content\/uploads\/2026\/04\/janowska_jadwiga_20.jpg 934w\" sizes=\"auto, (max-width: 683px) 100vw, 683px\" \/><\/figure>\n\n\n\n<figure class=\"wp-block-image size-large\"><img loading=\"lazy\" decoding=\"async\" width=\"694\" height=\"1024\" data-id=\"18\" src=\"https:\/\/jadwigajanowska.pl\/wp-content\/uploads\/2026\/04\/janowska_jadwiga_32-694x1024.jpg\" alt=\"\" class=\"wp-image-18\" srcset=\"https:\/\/jadwigajanowska.pl\/wp-content\/uploads\/2026\/04\/janowska_jadwiga_32-694x1024.jpg 694w, https:\/\/jadwigajanowska.pl\/wp-content\/uploads\/2026\/04\/janowska_jadwiga_32-203x300.jpg 203w, https:\/\/jadwigajanowska.pl\/wp-content\/uploads\/2026\/04\/janowska_jadwiga_32-768x1133.jpg 768w, https:\/\/jadwigajanowska.pl\/wp-content\/uploads\/2026\/04\/janowska_jadwiga_32.jpg 949w\" sizes=\"auto, (max-width: 694px) 100vw, 694px\" \/><\/figure>\n\n\n\n<figure class=\"wp-block-image size-large\"><img loading=\"lazy\" decoding=\"async\" width=\"683\" height=\"1024\" data-id=\"15\" src=\"https:\/\/jadwigajanowska.pl\/wp-content\/uploads\/2026\/04\/janowska_jadwiga_22-683x1024.jpg\" alt=\"\" class=\"wp-image-15\" srcset=\"https:\/\/jadwigajanowska.pl\/wp-content\/uploads\/2026\/04\/janowska_jadwiga_22-683x1024.jpg 683w, https:\/\/jadwigajanowska.pl\/wp-content\/uploads\/2026\/04\/janowska_jadwiga_22-200x300.jpg 200w, https:\/\/jadwigajanowska.pl\/wp-content\/uploads\/2026\/04\/janowska_jadwiga_22-768x1151.jpg 768w, https:\/\/jadwigajanowska.pl\/wp-content\/uploads\/2026\/04\/janowska_jadwiga_22.jpg 934w\" sizes=\"auto, (max-width: 683px) 100vw, 683px\" \/><\/figure>\n\n\n\n<figure class=\"wp-block-image size-large\"><img loading=\"lazy\" decoding=\"async\" width=\"683\" height=\"1024\" data-id=\"16\" src=\"https:\/\/jadwigajanowska.pl\/wp-content\/uploads\/2026\/04\/janowska_jadwiga_28-683x1024.jpg\" alt=\"\" class=\"wp-image-16\" srcset=\"https:\/\/jadwigajanowska.pl\/wp-content\/uploads\/2026\/04\/janowska_jadwiga_28-683x1024.jpg 683w, https:\/\/jadwigajanowska.pl\/wp-content\/uploads\/2026\/04\/janowska_jadwiga_28-200x300.jpg 200w, https:\/\/jadwigajanowska.pl\/wp-content\/uploads\/2026\/04\/janowska_jadwiga_28-768x1151.jpg 768w, https:\/\/jadwigajanowska.pl\/wp-content\/uploads\/2026\/04\/janowska_jadwiga_28.jpg 934w\" sizes=\"auto, (max-width: 683px) 100vw, 683px\" \/><\/figure>\n\n\n\n<figure class=\"wp-block-image size-large\"><img loading=\"lazy\" decoding=\"async\" width=\"683\" height=\"1024\" data-id=\"21\" src=\"https:\/\/jadwigajanowska.pl\/wp-content\/uploads\/2026\/04\/janowska_jadwiga_29-683x1024.jpg\" alt=\"\" class=\"wp-image-21\" srcset=\"https:\/\/jadwigajanowska.pl\/wp-content\/uploads\/2026\/04\/janowska_jadwiga_29-683x1024.jpg 683w, https:\/\/jadwigajanowska.pl\/wp-content\/uploads\/2026\/04\/janowska_jadwiga_29-200x300.jpg 200w, https:\/\/jadwigajanowska.pl\/wp-content\/uploads\/2026\/04\/janowska_jadwiga_29-768x1151.jpg 768w, https:\/\/jadwigajanowska.pl\/wp-content\/uploads\/2026\/04\/janowska_jadwiga_29.jpg 934w\" sizes=\"auto, (max-width: 683px) 100vw, 683px\" \/><\/figure>\n\n\n\n<figure class=\"wp-block-image size-large\"><img loading=\"lazy\" decoding=\"async\" width=\"682\" height=\"1024\" data-id=\"12\" src=\"https:\/\/jadwigajanowska.pl\/wp-content\/uploads\/2026\/04\/janowska_jadwiga_30-682x1024.jpg\" alt=\"\" class=\"wp-image-12\" srcset=\"https:\/\/jadwigajanowska.pl\/wp-content\/uploads\/2026\/04\/janowska_jadwiga_30-682x1024.jpg 682w, https:\/\/jadwigajanowska.pl\/wp-content\/uploads\/2026\/04\/janowska_jadwiga_30-200x300.jpg 200w, https:\/\/jadwigajanowska.pl\/wp-content\/uploads\/2026\/04\/janowska_jadwiga_30-768x1152.jpg 768w, https:\/\/jadwigajanowska.pl\/wp-content\/uploads\/2026\/04\/janowska_jadwiga_30.jpg 933w\" sizes=\"auto, (max-width: 682px) 100vw, 682px\" \/><\/figure>\n\n\n\n<figure class=\"wp-block-image size-large\"><img loading=\"lazy\" decoding=\"async\" width=\"731\" height=\"1024\" data-id=\"23\" src=\"https:\/\/jadwigajanowska.pl\/wp-content\/uploads\/2026\/04\/janowska_jadwiga_31-731x1024.jpg\" alt=\"\" class=\"wp-image-23\" srcset=\"https:\/\/jadwigajanowska.pl\/wp-content\/uploads\/2026\/04\/janowska_jadwiga_31-731x1024.jpg 731w, https:\/\/jadwigajanowska.pl\/wp-content\/uploads\/2026\/04\/janowska_jadwiga_31-214x300.jpg 214w, https:\/\/jadwigajanowska.pl\/wp-content\/uploads\/2026\/04\/janowska_jadwiga_31-768x1076.jpg 768w, https:\/\/jadwigajanowska.pl\/wp-content\/uploads\/2026\/04\/janowska_jadwiga_31.jpg 999w\" sizes=\"auto, (max-width: 731px) 100vw, 731px\" \/><figcaption class=\"wp-element-caption\">Screenshot<\/figcaption><\/figure>\n<\/figure>\n","protected":false},"excerpt":{"rendered":"<p>&nbsp;Polsce, na \u015al\u0105sku, w Gliwicach jest drewniana radiostacja. Radiostacja to obiekt niezwykle wa\u017cny zar\u00f3wno dla topografii, jak i historii miasta \u2013 to w\u0142a\u015bnie tutaj 31 sierpnia 1939 roku mia\u0142a miejsce prowokacja gliwicka, propagandowa akcja dywersyjna stanowi\u0105ca pretekst do wypowiedzenia Polsce wojny przez Niemcy. By\u0142a to operacja typu false flag \u2013 tajna operacja prowadzona w celu [&hellip;]<\/p>\n","protected":false},"author":1,"featured_media":0,"parent":0,"menu_order":0,"comment_status":"closed","ping_status":"closed","template":"","meta":{"footnotes":""},"categories":[],"tags":[],"class_list":["post-100","page","type-page","status-publish","hentry"],"_links":{"self":[{"href":"https:\/\/jadwigajanowska.pl\/index.php?rest_route=\/wp\/v2\/pages\/100","targetHints":{"allow":["GET"]}}],"collection":[{"href":"https:\/\/jadwigajanowska.pl\/index.php?rest_route=\/wp\/v2\/pages"}],"about":[{"href":"https:\/\/jadwigajanowska.pl\/index.php?rest_route=\/wp\/v2\/types\/page"}],"author":[{"embeddable":true,"href":"https:\/\/jadwigajanowska.pl\/index.php?rest_route=\/wp\/v2\/users\/1"}],"replies":[{"embeddable":true,"href":"https:\/\/jadwigajanowska.pl\/index.php?rest_route=%2Fwp%2Fv2%2Fcomments&post=100"}],"version-history":[{"count":1,"href":"https:\/\/jadwigajanowska.pl\/index.php?rest_route=\/wp\/v2\/pages\/100\/revisions"}],"predecessor-version":[{"id":101,"href":"https:\/\/jadwigajanowska.pl\/index.php?rest_route=\/wp\/v2\/pages\/100\/revisions\/101"}],"wp:attachment":[{"href":"https:\/\/jadwigajanowska.pl\/index.php?rest_route=%2Fwp%2Fv2%2Fmedia&parent=100"}],"wp:term":[{"taxonomy":"category","embeddable":true,"href":"https:\/\/jadwigajanowska.pl\/index.php?rest_route=%2Fwp%2Fv2%2Fcategories&post=100"},{"taxonomy":"post_tag","embeddable":true,"href":"https:\/\/jadwigajanowska.pl\/index.php?rest_route=%2Fwp%2Fv2%2Ftags&post=100"}],"curies":[{"name":"wp","href":"https:\/\/api.w.org\/{rel}","templated":true}]}}